{"id":2881,"date":"2024-08-30T14:50:27","date_gmt":"2024-08-30T13:50:27","guid":{"rendered":"https:\/\/benbrenot.com\/?page_id=2881"},"modified":"2025-11-10T11:59:55","modified_gmt":"2025-11-10T10:59:55","slug":"voyages","status":"publish","type":"page","link":"https:\/\/benbrenot.com\/en\/voyages\/","title":{"rendered":"Travels"},"content":{"rendered":"<div data-elementor-type=\"wp-page\" data-elementor-id=\"2881\" class=\"elementor elementor-2881\">\n\t\t\t\t\t\t<section class=\"jarallax lazyload elementor-section elementor-top-section elementor-element elementor-element-7b1711dc elementor-section-boxed elementor-section-height-default elementor-section-height-default\" data-jarallax=\"\" data-speed=\"0.75\" data-type=\"scroll\" data-parallax=\"scroll\" style=\"background-image:url(&quot;https:\/\/benbrenot.com\/wp-content\/uploads\/2024\/08\/ZFC_0852-Enhanced-NR-scaled.webp&quot;);\" data-image-src=\"https:\/\/benbrenot.com\/wp-content\/uploads\/2024\/08\/ZFC_0852-Enhanced-NR-scaled.webp\" data-id=\"7b1711dc\" data-element_type=\"section\" data-e-type=\"section\" data-settings=\"{&quot;background_background&quot;:&quot;classic&quot;}\">\n\t\t\t\t\t\t\t<div class=\"elementor-background-overlay\"><\/div>\n\t\t\t\t\t\t\t<div class=\"elementor-container elementor-column-gap-default\">\n\t\t\t\t\t<div class=\"elementor-column elementor-col-100 elementor-top-column elementor-element elementor-element-301e128f\" data-id=\"301e128f\" data-element_type=\"column\" data-e-type=\"column\">\n\t\t\t<div class=\"elementor-widget-wrap elementor-element-populated\">\n\t\t\t\t\t\t<div class=\"elementor-element elementor-element-6c174259 section-align-left section-size-large subtitle-style-default elementor-widget elementor-widget-section-heading\" data-id=\"6c174259\" data-element_type=\"widget\" data-e-type=\"widget\" data-widget_type=\"section-heading.default\">\n\t\t\t\t<div class=\"elementor-widget-container\">\n\t\t\t\t\t<div class=\"section-heading headingstyle-subtitle\"><h5 class=\"entry-sub-title section-sub-title\">Portfolio<\/h5><div class=\"section-title-wrapper\"><h2 class=\"entry-title section-title\">Travels<\/h2><\/div><div class=\"section-description clearfix\"><div class=\"section-description-inner\"><p>Browse all my travel photos and discover the stories behind them<\/p>\n<\/div><\/div><\/div>\t\t\t\t<\/div>\n\t\t\t\t<\/div>\n\t\t\t\t\t<\/div>\n\t\t<\/div>\n\t\t\t\t\t<\/div>\n\t\t<\/section>\n\t\t<div class=\"elementor-element elementor-element-21034526 e-flex e-con-boxed e-con e-parent\" data-id=\"21034526\" data-element_type=\"container\" data-e-type=\"container\">\n\t\t\t\t\t<div class=\"e-con-inner\">\n\t\t\t\t<div class=\"elementor-element elementor-element-6d8aebe elementor-widget__width-auto elementor-widget elementor-widget-like-status\" data-id=\"6d8aebe\" data-element_type=\"widget\" data-e-type=\"widget\" data-widget_type=\"like-status.default\">\n\t\t\t\t<div class=\"elementor-widget-container\">\n\t\t\t\t\t<div class=\"like-status-container\"><div class=\"mtheme-post-like\"><div class=\"post-link-count-wrap\" data-count_id=\"2881\"><span class=\"post-like-count\">7<\/span><\/div><span class=\"vote-ready\" data-post_id=\"2881\">\n\t\t\t\t\t<span class=\"mtheme-like like-vote-icon like-notvoted animation-standby animated\"><i class=\"vote-like-icon ion-ios-heart-outline\"><\/i><\/span>\n\t\t\t\t\t<\/span><\/div><\/div>\t\t\t\t<\/div>\n\t\t\t\t<\/div>\n\t\t\t\t<div class=\"elementor-element elementor-element-504ec48b elementor-widget elementor-widget-heading\" data-id=\"504ec48b\" data-element_type=\"widget\" data-e-type=\"widget\" data-widget_type=\"heading.default\">\n\t\t\t\t<div class=\"elementor-widget-container\">\n\t\t\t\t\t<h4 class=\"elementor-heading-title elementor-size-default\">personnes aiment ce portfolio<\/h4>\t\t\t\t<\/div>\n\t\t\t\t<\/div>\n\t\t\t\t\t<\/div>\n\t\t\t\t<\/div>\n\t\t\t\t<section class=\"elementor-section elementor-top-section elementor-element elementor-element-3efbf3b8 elementor-section-boxed elementor-section-height-default elementor-section-height-default\" data-id=\"3efbf3b8\" data-element_type=\"section\" data-e-type=\"section\">\n\t\t\t\t\t\t<div class=\"elementor-container elementor-column-gap-default\">\n\t\t\t\t\t<div class=\"elementor-column elementor-col-100 elementor-top-column elementor-element elementor-element-26fc9add\" data-id=\"26fc9add\" data-element_type=\"column\" data-e-type=\"column\">\n\t\t\t<div class=\"elementor-widget-wrap elementor-element-populated\">\n\t\t\t\t\t\t<div class=\"elementor-element elementor-element-600b166c section-align-left elementor-widget elementor-widget-portfolio-grid\" data-id=\"600b166c\" data-element_type=\"widget\" data-e-type=\"widget\" data-widget_type=\"portfolio-grid.default\">\n\t\t\t\t<div class=\"elementor-widget-container\">\n\t\t\t\t\t<div class=\"portfolio-grid-container lightgallery-container portfolio-gridblock-columns-wrap\"><div id=\"gridblock-container\" class=\"portfolio-gutter-nospace thumnails-gutter-active    boxtitle-active has-effect-none grid-style-wall-grid gridblock-three clearfix\" data-columns=\"3\"><div class=\"gridblock-element grid-animate-display-all isotope-displayed gridblock-element-id-7036 gridblock-element-order-1  gridblock-filterable filter-33\" data-portfolio=\"portfolio-7036\" data-id=\"id-2\"><div class=\"gridblock-grid-element gridblock-element-inner\" data-portfolioid=\"7036\"><div class=\"mtheme-post-like-wrap\"><div class=\"mtheme-post-like\"><div class=\"post-link-count-wrap\" data-count_id=\"7036\"><span class=\"post-like-count\">10<\/span><\/div><span class=\"vote-ready\" data-post_id=\"7036\">\n\t\t\t\t\t<span class=\"mtheme-like like-vote-icon like-notvoted animation-standby animated\"><i class=\"vote-like-icon ion-ios-heart-outline\"><\/i><\/span>\n\t\t\t\t\t<\/span><\/div><\/div><div class=\"gridblock-background-hover\"><a  class=\"gridblock-sole-link\" href=\"https:\/\/benbrenot.com\/en\/portfolios\/islande\/\"><div class=\"gridblock-links-wrap box-title-box-directlink\"><\/div><div class=\"boxtitle-hover\"><div class=\"work-details\"><div class=\"worktype-categories\">Travels<\/div><h4>Islande<\/h4><p class=\"entry-content work-description\">Roadtrip en avril sur la ring road\u200b<\/p><\/div><\/div><\/a><\/div><img decoding=\"async\" src=\"https:\/\/benbrenot.com\/wp-content\/themes\/blacksilver\/images\/placeholders\/placeholder-770x770.gif\" data-src=\"https:\/\/benbrenot.com\/wp-content\/uploads\/2025\/11\/BEN_6417-Enhanced-NR-770x770.jpg\" alt=\"\" class=\"displayed-image lazyload\"\/><\/div><\/div><div class=\"gridblock-element grid-animate-display-all isotope-displayed gridblock-element-id-5606 gridblock-element-order-2  gridblock-filterable filter-33\" data-portfolio=\"portfolio-5606\" data-id=\"id-3\"><div class=\"gridblock-grid-element gridblock-element-inner\" data-portfolioid=\"5606\"><div class=\"mtheme-post-like-wrap\"><div class=\"mtheme-post-like\"><div class=\"post-link-count-wrap\" data-count_id=\"5606\"><span class=\"post-like-count\">6<\/span><\/div><span class=\"vote-ready\" data-post_id=\"5606\">\n\t\t\t\t\t<span class=\"mtheme-like like-vote-icon like-notvoted animation-standby animated\"><i class=\"vote-like-icon ion-ios-heart-outline\"><\/i><\/span>\n\t\t\t\t\t<\/span><\/div><\/div><div class=\"gridblock-background-hover\"><a  class=\"gridblock-sole-link\" href=\"https:\/\/benbrenot.com\/en\/portfolios\/prague-en-avril\/\"><div class=\"gridblock-links-wrap box-title-box-directlink\"><\/div><div class=\"boxtitle-hover\"><div class=\"work-details\"><div class=\"worktype-categories\">Travels<\/div><h4>Prague in April<\/h4><p class=\"entry-content work-description\">City trip to the historic capital of the Kingdom of Bohemia<\/p><\/div><\/div><\/a><\/div><img decoding=\"async\" src=\"https:\/\/benbrenot.com\/wp-content\/themes\/blacksilver\/images\/placeholders\/placeholder-770x770.gif\" data-src=\"https:\/\/benbrenot.com\/wp-content\/uploads\/2025\/03\/DSC_0211-Enhanced-NR-770x770.jpg\" alt=\"\" class=\"displayed-image lazyload\"\/><\/div><\/div><div class=\"gridblock-element grid-animate-display-all isotope-displayed gridblock-element-id-2895 gridblock-element-order-3  gridblock-filterable filter-33\" data-portfolio=\"portfolio-2895\" data-id=\"id-4\"><div class=\"gridblock-grid-element gridblock-element-inner\" data-portfolioid=\"2895\"><div class=\"mtheme-post-like-wrap\"><div class=\"mtheme-post-like\"><div class=\"post-link-count-wrap\" data-count_id=\"2895\"><span class=\"post-like-count\">10<\/span><\/div><span class=\"vote-ready\" data-post_id=\"2895\">\n\t\t\t\t\t<span class=\"mtheme-like like-vote-icon like-notvoted animation-standby animated\"><i class=\"vote-like-icon ion-ios-heart-outline\"><\/i><\/span>\n\t\t\t\t\t<\/span><\/div><\/div><div class=\"gridblock-background-hover\"><a  class=\"gridblock-sole-link\" href=\"https:\/\/benbrenot.com\/en\/portfolios\/jordanie-2024\/\"><div class=\"gridblock-links-wrap box-title-box-directlink\"><\/div><div class=\"boxtitle-hover\"><div class=\"work-details\"><div class=\"worktype-categories\">Travels<\/div><h4>Jordan (2024)<\/h4><p class=\"entry-content work-description\">Road trip in the Hashemite Kingdom of Jordan<\/p><\/div><\/div><\/a><\/div><img decoding=\"async\" src=\"https:\/\/benbrenot.com\/wp-content\/themes\/blacksilver\/images\/placeholders\/placeholder-770x770.gif\" data-src=\"https:\/\/benbrenot.com\/wp-content\/uploads\/2024\/08\/ZFC_0396-Enhanced-NR-770x770.webp\" alt=\"\" class=\"displayed-image lazyload\"\/><\/div><\/div><div class=\"gridblock-element grid-animate-display-all isotope-displayed gridblock-element-id-3379 gridblock-element-order-4  gridblock-filterable filter-33\" data-portfolio=\"portfolio-3379\" data-id=\"id-5\"><div class=\"gridblock-grid-element gridblock-element-inner\" data-portfolioid=\"3379\"><div class=\"mtheme-post-like-wrap\"><div class=\"mtheme-post-like\"><div class=\"post-link-count-wrap\" data-count_id=\"3379\"><span class=\"post-like-count\">9<\/span><\/div><span class=\"vote-ready\" data-post_id=\"3379\">\n\t\t\t\t\t<span class=\"mtheme-like like-vote-icon like-notvoted animation-standby animated\"><i class=\"vote-like-icon ion-ios-heart-outline\"><\/i><\/span>\n\t\t\t\t\t<\/span><\/div><\/div><div class=\"gridblock-background-hover\"><a  class=\"gridblock-sole-link\" href=\"https:\/\/benbrenot.com\/en\/portfolios\/roadtrip-aux-usa\/\"><div class=\"gridblock-links-wrap box-title-box-directlink\"><\/div><div class=\"boxtitle-hover\"><div class=\"work-details\"><div class=\"worktype-categories\">Travels<\/div><h4>Roadtrip in the USA<\/h4><p class=\"entry-content work-description\">Journey through the majestic landscapes of Minnesota, South Dakota, Wyoming, and Montana<\/p><\/div><\/div><\/a><\/div><img decoding=\"async\" src=\"https:\/\/benbrenot.com\/wp-content\/themes\/blacksilver\/images\/placeholders\/placeholder-770x770.gif\" data-src=\"https:\/\/benbrenot.com\/wp-content\/uploads\/2024\/08\/ZFC_6054-Enhanced-NR-770x770.jpg\" alt=\"\" class=\"displayed-image lazyload\"\/><\/div><\/div><div class=\"gridblock-element grid-animate-display-all isotope-displayed gridblock-element-id-4176 gridblock-element-order-5  gridblock-filterable filter-33\" data-portfolio=\"portfolio-4176\" data-id=\"id-6\"><div class=\"gridblock-grid-element gridblock-element-inner\" data-portfolioid=\"4176\"><div class=\"mtheme-post-like-wrap\"><div class=\"mtheme-post-like\"><div class=\"post-link-count-wrap\" data-count_id=\"4176\"><span class=\"post-like-count\">8<\/span><\/div><span class=\"vote-ready\" data-post_id=\"4176\">\n\t\t\t\t\t<span class=\"mtheme-like like-vote-icon like-notvoted animation-standby animated\"><i class=\"vote-like-icon ion-ios-heart-outline\"><\/i><\/span>\n\t\t\t\t\t<\/span><\/div><\/div><div class=\"gridblock-background-hover\"><a  class=\"gridblock-sole-link\" href=\"https:\/\/benbrenot.com\/en\/portfolios\/lecosse-en-hiver\/\"><div class=\"gridblock-links-wrap box-title-box-directlink\"><\/div><div class=\"boxtitle-hover\"><div class=\"work-details\"><div class=\"worktype-categories\">Travels<\/div><h4>Scotland in winter<\/h4><p class=\"entry-content work-description\">You bonnie Scotland...<\/p><\/div><\/div><\/a><\/div><img decoding=\"async\" src=\"https:\/\/benbrenot.com\/wp-content\/themes\/blacksilver\/images\/placeholders\/placeholder-770x770.gif\" data-src=\"https:\/\/benbrenot.com\/wp-content\/uploads\/2024\/09\/DSC_0688-Enhanced-NR-770x770.jpg\" alt=\"\" class=\"displayed-image lazyload\"\/><\/div><\/div><\/div><\/div>\t\t\t\t<\/div>\n\t\t\t\t<\/div>\n\t\t\t\t<div class=\"elementor-element elementor-element-61e2011 elementor-widget-divider--view-line elementor-widget elementor-widget-divider\" data-id=\"61e2011\" data-element_type=\"widget\" data-e-type=\"widget\" data-widget_type=\"divider.default\">\n\t\t\t\t<div class=\"elementor-widget-container\">\n\t\t\t\t\t\t\t<div class=\"elementor-divider\">\n\t\t\t<span class=\"elementor-divider-separator\">\n\t\t\t\t\t\t<\/span>\n\t\t<\/div>\n\t\t\t\t\t\t<\/div>\n\t\t\t\t<\/div>\n\t\t\t\t\t<\/div>\n\t\t<\/div>\n\t\t\t\t\t<\/div>\n\t\t<\/section>\n\t\t\t\t<section class=\"elementor-section elementor-top-section elementor-element elementor-element-c5b9a1b elementor-section-boxed elementor-section-height-default elementor-section-height-default\" data-id=\"c5b9a1b\" data-element_type=\"section\" data-e-type=\"section\">\n\t\t\t\t\t\t<div class=\"elementor-container elementor-column-gap-default\">\n\t\t\t\t\t<div class=\"elementor-column elementor-col-100 elementor-top-column elementor-element elementor-element-b83917a\" data-id=\"b83917a\" data-element_type=\"column\" data-e-type=\"column\">\n\t\t\t<div class=\"elementor-widget-wrap elementor-element-populated\">\n\t\t\t\t\t\t<div class=\"elementor-element elementor-element-eeb5dd2 section-align-center section-size-large subtitle-style-sidelines elementor-widget elementor-widget-section-heading\" data-id=\"eeb5dd2\" data-element_type=\"widget\" data-e-type=\"widget\" data-widget_type=\"section-heading.default\">\n\t\t\t\t<div class=\"elementor-widget-container\">\n\t\t\t\t\t<div class=\"section-heading headingstyle-subtitle\"><h5 class=\"entry-sub-title section-sub-title\">Do you like my work?<\/h5><div class=\"section-title-wrapper\"><h2 class=\"entry-title section-title\">Let's collaborate!<\/h2><\/div><div class=\"section-description clearfix\"><div class=\"section-description-inner\"><p>\ud83d\udccd Toulouse (France) &amp; away<\/p>\n<\/div><\/div><div class=\"section-button\"><a  href=\"https:\/\/benbrenot.com\/en\/contactez-moi\/\"><div class=\"mtheme-button\">Contact me<\/div><\/a><\/div><\/div>\t\t\t\t<\/div>\n\t\t\t\t<\/div>\n\t\t\t\t\t<\/div>\n\t\t<\/div>\n\t\t\t\t\t<\/div>\n\t\t<\/section>\n\t\t\t\t<\/div>","protected":false},"excerpt":{"rendered":"<p>Portfolio Voyages Parcourez toutes mes photos de voyages et d\u00e9couvrez les histoires derri\u00e8re chacune d&rsquo;entre elles 7 personnes aiment ce portfolio 9Voyages Islande Roadtrip en avril sur la ring road\u200b 5Voyages Prague en avril City trip dans la capitale historique du royaume de Boh\u00eame 9Voyages Jordanie (2024) Roadtrip au Royaume hach\u00e9mite de Jordanie 8Voyages Roadtrip aux USA P\u00e9riple dans les majestueux paysages du Minnesota, Dakota du Sud, Wyoming et Montana 7Voyages L&rsquo;\u00c9cosse en hiver You bonnie Scotland&#8230; Mon travail vous [&hellip;]<\/p>\n","protected":false},"author":1,"featured_media":81,"parent":0,"menu_order":0,"comment_status":"closed","ping_status":"closed","template":"","meta":{"footnotes":""},"class_list":["post-2881","page","type-page","status-publish","has-post-thumbnail","hentry"],"yoast_head":"<!-- This site is optimized with the Yoast SEO plugin v27.4 - https:\/\/yoast.com\/product\/yoast-seo-wordpress\/ -->\n<title>Voyages - Ben Brenot Photography<\/title>\n<meta name=\"robots\" content=\"index, follow, max-snippet:-1, max-image-preview:large, max-video-preview:-1\" \/>\n<link rel=\"canonical\" href=\"https:\/\/benbrenot.com\/en\/voyages\/\" \/>\n<meta property=\"og:locale\" content=\"en_GB\" \/>\n<meta property=\"og:type\" content=\"article\" \/>\n<meta property=\"og:title\" content=\"Voyages - Ben Brenot Photography\" \/>\n<meta property=\"og:description\" content=\"Portfolio Voyages Parcourez toutes mes photos de voyages et d\u00e9couvrez les histoires derri\u00e8re chacune d&rsquo;entre elles 7 personnes aiment ce portfolio 9Voyages Islande Roadtrip en avril sur la ring road\u200b 5Voyages Prague en avril City trip dans la capitale historique du royaume de Boh\u00eame 9Voyages Jordanie (2024) Roadtrip au Royaume hach\u00e9mite de Jordanie 8Voyages Roadtrip aux USA P\u00e9riple dans les majestueux paysages du Minnesota, Dakota du Sud, Wyoming et Montana 7Voyages L&rsquo;\u00c9cosse en hiver You bonnie Scotland&#8230; Mon travail vous [&hellip;]\" \/>\n<meta property=\"og:url\" content=\"https:\/\/benbrenot.com\/en\/voyages\/\" \/>\n<meta property=\"og:site_name\" content=\"Ben Brenot Photography\" \/>\n<meta property=\"article:modified_time\" content=\"2025-11-10T10:59:55+00:00\" \/>\n<meta property=\"og:image\" content=\"https:\/\/benbrenot.com\/wp-content\/uploads\/2024\/08\/ZFC_0852-Enhanced-NR-scaled.webp\" \/>\n\t<meta property=\"og:image:width\" content=\"1920\" \/>\n\t<meta property=\"og:image:height\" content=\"1200\" \/>\n\t<meta property=\"og:image:type\" content=\"image\/webp\" \/>\n<meta name=\"twitter:card\" content=\"summary_large_image\" \/>\n<meta name=\"twitter:label1\" content=\"Estimated reading time\" \/>\n\t<meta name=\"twitter:data1\" content=\"2 minutes\" \/>\n<script type=\"application\/ld+json\" class=\"yoast-schema-graph\">{\"@context\":\"https:\\\/\\\/schema.org\",\"@graph\":[{\"@type\":\"WebPage\",\"@id\":\"https:\\\/\\\/benbrenot.com\\\/voyages\\\/\",\"url\":\"https:\\\/\\\/benbrenot.com\\\/voyages\\\/\",\"name\":\"Voyages - Ben Brenot Photography\",\"isPartOf\":{\"@id\":\"https:\\\/\\\/benbrenot.com\\\/#website\"},\"primaryImageOfPage\":{\"@id\":\"https:\\\/\\\/benbrenot.com\\\/voyages\\\/#primaryimage\"},\"image\":{\"@id\":\"https:\\\/\\\/benbrenot.com\\\/voyages\\\/#primaryimage\"},\"thumbnailUrl\":\"https:\\\/\\\/benbrenot.com\\\/wp-content\\\/uploads\\\/2024\\\/08\\\/ZFC_0852-Enhanced-NR-scaled.webp\",\"datePublished\":\"2024-08-30T13:50:27+00:00\",\"dateModified\":\"2025-11-10T10:59:55+00:00\",\"breadcrumb\":{\"@id\":\"https:\\\/\\\/benbrenot.com\\\/voyages\\\/#breadcrumb\"},\"inLanguage\":\"en-GB\",\"potentialAction\":[{\"@type\":\"ReadAction\",\"target\":[\"https:\\\/\\\/benbrenot.com\\\/voyages\\\/\"]}]},{\"@type\":\"ImageObject\",\"inLanguage\":\"en-GB\",\"@id\":\"https:\\\/\\\/benbrenot.com\\\/voyages\\\/#primaryimage\",\"url\":\"https:\\\/\\\/benbrenot.com\\\/wp-content\\\/uploads\\\/2024\\\/08\\\/ZFC_0852-Enhanced-NR-scaled.webp\",\"contentUrl\":\"https:\\\/\\\/benbrenot.com\\\/wp-content\\\/uploads\\\/2024\\\/08\\\/ZFC_0852-Enhanced-NR-scaled.webp\",\"width\":1920,\"height\":1200},{\"@type\":\"BreadcrumbList\",\"@id\":\"https:\\\/\\\/benbrenot.com\\\/voyages\\\/#breadcrumb\",\"itemListElement\":[{\"@type\":\"ListItem\",\"position\":1,\"name\":\"Accueil\",\"item\":\"https:\\\/\\\/benbrenot.com\\\/\"},{\"@type\":\"ListItem\",\"position\":2,\"name\":\"Voyages\"}]},{\"@type\":\"WebSite\",\"@id\":\"https:\\\/\\\/benbrenot.com\\\/#website\",\"url\":\"https:\\\/\\\/benbrenot.com\\\/\",\"name\":\"BENBRENOT\",\"description\":\"Explorer le monde + l&#039;humain\",\"publisher\":{\"@id\":\"https:\\\/\\\/benbrenot.com\\\/#\\\/schema\\\/person\\\/fc61c06c42e88a5246af9a7fe9843d22\"},\"potentialAction\":[{\"@type\":\"SearchAction\",\"target\":{\"@type\":\"EntryPoint\",\"urlTemplate\":\"https:\\\/\\\/benbrenot.com\\\/?s={search_term_string}\"},\"query-input\":{\"@type\":\"PropertyValueSpecification\",\"valueRequired\":true,\"valueName\":\"search_term_string\"}}],\"inLanguage\":\"en-GB\"},{\"@type\":[\"Person\",\"Organization\"],\"@id\":\"https:\\\/\\\/benbrenot.com\\\/#\\\/schema\\\/person\\\/fc61c06c42e88a5246af9a7fe9843d22\",\"name\":\"Ben\",\"image\":{\"@type\":\"ImageObject\",\"inLanguage\":\"en-GB\",\"@id\":\"https:\\\/\\\/i0.wp.com\\\/benbrenot.com\\\/wp-content\\\/uploads\\\/2024\\\/08\\\/OG-Cover.jpg?fit=1920%2C1080&ssl=1\",\"url\":\"https:\\\/\\\/i0.wp.com\\\/benbrenot.com\\\/wp-content\\\/uploads\\\/2024\\\/08\\\/OG-Cover.jpg?fit=1920%2C1080&ssl=1\",\"contentUrl\":\"https:\\\/\\\/i0.wp.com\\\/benbrenot.com\\\/wp-content\\\/uploads\\\/2024\\\/08\\\/OG-Cover.jpg?fit=1920%2C1080&ssl=1\",\"width\":1920,\"height\":1080,\"caption\":\"Ben\"},\"logo\":{\"@id\":\"https:\\\/\\\/i0.wp.com\\\/benbrenot.com\\\/wp-content\\\/uploads\\\/2024\\\/08\\\/OG-Cover.jpg?fit=1920%2C1080&ssl=1\"},\"sameAs\":[\"https:\\\/\\\/benbrenot.com\",\"https:\\\/\\\/www.instagram.com\\\/benbrenot\\\/\",\"https:\\\/\\\/www.linkedin.com\\\/in\\\/benjaminbrenot\\\/\"]}]}<\/script>\n<!-- \/ Yoast SEO plugin. -->","yoast_head_json":{"title":"Voyages - Ben Brenot Photography","robots":{"index":"index","follow":"follow","max-snippet":"max-snippet:-1","max-image-preview":"max-image-preview:large","max-video-preview":"max-video-preview:-1"},"canonical":"https:\/\/benbrenot.com\/en\/voyages\/","og_locale":"en_GB","og_type":"article","og_title":"Voyages - Ben Brenot Photography","og_description":"Portfolio Voyages Parcourez toutes mes photos de voyages et d\u00e9couvrez les histoires derri\u00e8re chacune d&rsquo;entre elles 7 personnes aiment ce portfolio 9Voyages Islande Roadtrip en avril sur la ring road\u200b 5Voyages Prague en avril City trip dans la capitale historique du royaume de Boh\u00eame 9Voyages Jordanie (2024) Roadtrip au Royaume hach\u00e9mite de Jordanie 8Voyages Roadtrip aux USA P\u00e9riple dans les majestueux paysages du Minnesota, Dakota du Sud, Wyoming et Montana 7Voyages L&rsquo;\u00c9cosse en hiver You bonnie Scotland&#8230; Mon travail vous [&hellip;]","og_url":"https:\/\/benbrenot.com\/en\/voyages\/","og_site_name":"Ben Brenot Photography","article_modified_time":"2025-11-10T10:59:55+00:00","og_image":[{"width":1920,"height":1200,"url":"https:\/\/benbrenot.com\/wp-content\/uploads\/2024\/08\/ZFC_0852-Enhanced-NR-scaled.webp","type":"image\/webp"}],"twitter_card":"summary_large_image","twitter_misc":{"Estimated reading time":"2 minutes"},"schema":{"@context":"https:\/\/schema.org","@graph":[{"@type":"WebPage","@id":"https:\/\/benbrenot.com\/voyages\/","url":"https:\/\/benbrenot.com\/voyages\/","name":"Voyages - Ben Brenot Photography","isPartOf":{"@id":"https:\/\/benbrenot.com\/#website"},"primaryImageOfPage":{"@id":"https:\/\/benbrenot.com\/voyages\/#primaryimage"},"image":{"@id":"https:\/\/benbrenot.com\/voyages\/#primaryimage"},"thumbnailUrl":"https:\/\/benbrenot.com\/wp-content\/uploads\/2024\/08\/ZFC_0852-Enhanced-NR-scaled.webp","datePublished":"2024-08-30T13:50:27+00:00","dateModified":"2025-11-10T10:59:55+00:00","breadcrumb":{"@id":"https:\/\/benbrenot.com\/voyages\/#breadcrumb"},"inLanguage":"en-GB","potentialAction":[{"@type":"ReadAction","target":["https:\/\/benbrenot.com\/voyages\/"]}]},{"@type":"ImageObject","inLanguage":"en-GB","@id":"https:\/\/benbrenot.com\/voyages\/#primaryimage","url":"https:\/\/benbrenot.com\/wp-content\/uploads\/2024\/08\/ZFC_0852-Enhanced-NR-scaled.webp","contentUrl":"https:\/\/benbrenot.com\/wp-content\/uploads\/2024\/08\/ZFC_0852-Enhanced-NR-scaled.webp","width":1920,"height":1200},{"@type":"BreadcrumbList","@id":"https:\/\/benbrenot.com\/voyages\/#breadcrumb","itemListElement":[{"@type":"ListItem","position":1,"name":"Accueil","item":"https:\/\/benbrenot.com\/"},{"@type":"ListItem","position":2,"name":"Voyages"}]},{"@type":"WebSite","@id":"https:\/\/benbrenot.com\/#website","url":"https:\/\/benbrenot.com\/","name":"BENBRENOT","description":"Explorer le monde + l&#039;humain","publisher":{"@id":"https:\/\/benbrenot.com\/#\/schema\/person\/fc61c06c42e88a5246af9a7fe9843d22"},"potentialAction":[{"@type":"SearchAction","target":{"@type":"EntryPoint","urlTemplate":"https:\/\/benbrenot.com\/?s={search_term_string}"},"query-input":{"@type":"PropertyValueSpecification","valueRequired":true,"valueName":"search_term_string"}}],"inLanguage":"en-GB"},{"@type":["Person","Organization"],"@id":"https:\/\/benbrenot.com\/#\/schema\/person\/fc61c06c42e88a5246af9a7fe9843d22","name":"Ben","image":{"@type":"ImageObject","inLanguage":"en-GB","@id":"https:\/\/i0.wp.com\/benbrenot.com\/wp-content\/uploads\/2024\/08\/OG-Cover.jpg?fit=1920%2C1080&ssl=1","url":"https:\/\/i0.wp.com\/benbrenot.com\/wp-content\/uploads\/2024\/08\/OG-Cover.jpg?fit=1920%2C1080&ssl=1","contentUrl":"https:\/\/i0.wp.com\/benbrenot.com\/wp-content\/uploads\/2024\/08\/OG-Cover.jpg?fit=1920%2C1080&ssl=1","width":1920,"height":1080,"caption":"Ben"},"logo":{"@id":"https:\/\/i0.wp.com\/benbrenot.com\/wp-content\/uploads\/2024\/08\/OG-Cover.jpg?fit=1920%2C1080&ssl=1"},"sameAs":["https:\/\/benbrenot.com","https:\/\/www.instagram.com\/benbrenot\/","https:\/\/www.linkedin.com\/in\/benjaminbrenot\/"]}]}},"_links":{"self":[{"href":"https:\/\/benbrenot.com\/en\/wp-json\/wp\/v2\/pages\/2881","targetHints":{"allow":["GET"]}}],"collection":[{"href":"https:\/\/benbrenot.com\/en\/wp-json\/wp\/v2\/pages"}],"about":[{"href":"https:\/\/benbrenot.com\/en\/wp-json\/wp\/v2\/types\/page"}],"author":[{"embeddable":true,"href":"https:\/\/benbrenot.com\/en\/wp-json\/wp\/v2\/users\/1"}],"replies":[{"embeddable":true,"href":"https:\/\/benbrenot.com\/en\/wp-json\/wp\/v2\/comments?post=2881"}],"version-history":[{"count":27,"href":"https:\/\/benbrenot.com\/en\/wp-json\/wp\/v2\/pages\/2881\/revisions"}],"predecessor-version":[{"id":7230,"href":"https:\/\/benbrenot.com\/en\/wp-json\/wp\/v2\/pages\/2881\/revisions\/7230"}],"wp:featuredmedia":[{"embeddable":true,"href":"https:\/\/benbrenot.com\/en\/wp-json\/wp\/v2\/media\/81"}],"wp:attachment":[{"href":"https:\/\/benbrenot.com\/en\/wp-json\/wp\/v2\/media?parent=2881"}],"curies":[{"name":"wp","href":"https:\/\/api.w.org\/{rel}","templated":true}]}}