{"id":2917,"date":"2024-08-31T20:59:07","date_gmt":"2024-08-31T19:59:07","guid":{"rendered":"https:\/\/benbrenot.com\/?page_id=2917"},"modified":"2025-11-10T11:59:33","modified_gmt":"2025-11-10T10:59:33","slug":"shootings","status":"publish","type":"page","link":"https:\/\/benbrenot.com\/en\/shootings\/","title":{"rendered":"Photo Shoots"},"content":{"rendered":"<div data-elementor-type=\"wp-page\" data-elementor-id=\"2917\" class=\"elementor elementor-2917\">\n\t\t\t\t\t\t<section class=\"elementor-section elementor-top-section elementor-element elementor-element-32f17a95 elementor-section-boxed elementor-section-height-default elementor-section-height-default\" data-id=\"32f17a95\" data-element_type=\"section\" data-e-type=\"section\" data-settings=\"{&quot;background_background&quot;:&quot;classic&quot;}\">\n\t\t\t\t\t\t\t<div class=\"elementor-background-overlay\"><\/div>\n\t\t\t\t\t\t\t<div class=\"elementor-container elementor-column-gap-default\">\n\t\t\t\t\t<div class=\"elementor-column elementor-col-100 elementor-top-column elementor-element elementor-element-e0b3aca\" data-id=\"e0b3aca\" data-element_type=\"column\" data-e-type=\"column\">\n\t\t\t<div class=\"elementor-widget-wrap elementor-element-populated\">\n\t\t\t\t\t\t<div class=\"elementor-element elementor-element-135e6993 section-align-left section-size-large subtitle-style-default elementor-widget elementor-widget-section-heading\" data-id=\"135e6993\" data-element_type=\"widget\" data-e-type=\"widget\" data-widget_type=\"section-heading.default\">\n\t\t\t\t<div class=\"elementor-widget-container\">\n\t\t\t\t\t<div class=\"section-heading headingstyle-subtitle\"><h5 class=\"entry-sub-title section-sub-title\">Portfolio<\/h5><div class=\"section-title-wrapper\"><h2 class=\"entry-title section-title\">Photo Shoots<\/h2><\/div><div class=\"section-description clearfix\"><div class=\"section-description-inner\"><p>Collaborations with individuals &amp; brands<\/p>\n<\/div><\/div><\/div>\t\t\t\t<\/div>\n\t\t\t\t<\/div>\n\t\t\t\t\t<\/div>\n\t\t<\/div>\n\t\t\t\t\t<\/div>\n\t\t<\/section>\n\t\t<div class=\"elementor-element elementor-element-4e14e74f e-flex e-con-boxed e-con e-parent\" data-id=\"4e14e74f\" data-element_type=\"container\" data-e-type=\"container\">\n\t\t\t\t\t<div class=\"e-con-inner\">\n\t\t\t\t<div class=\"elementor-element elementor-element-2d624454 elementor-widget__width-auto elementor-widget elementor-widget-like-status\" data-id=\"2d624454\" data-element_type=\"widget\" data-e-type=\"widget\" data-widget_type=\"like-status.default\">\n\t\t\t\t<div class=\"elementor-widget-container\">\n\t\t\t\t\t<div class=\"like-status-container\"><div class=\"mtheme-post-like\"><div class=\"post-link-count-wrap\" data-count_id=\"2917\"><span class=\"post-like-count\">3<\/span><\/div><span class=\"vote-ready\" data-post_id=\"2917\">\n\t\t\t\t\t<span class=\"mtheme-like like-vote-icon like-notvoted animation-standby animated\"><i class=\"vote-like-icon ion-ios-heart-outline\"><\/i><\/span>\n\t\t\t\t\t<\/span><\/div><\/div>\t\t\t\t<\/div>\n\t\t\t\t<\/div>\n\t\t\t\t<div class=\"elementor-element elementor-element-150bff11 elementor-widget elementor-widget-heading\" data-id=\"150bff11\" data-element_type=\"widget\" data-e-type=\"widget\" data-widget_type=\"heading.default\">\n\t\t\t\t<div class=\"elementor-widget-container\">\n\t\t\t\t\t<h4 class=\"elementor-heading-title elementor-size-default\">personnes aiment ce portfolio<\/h4>\t\t\t\t<\/div>\n\t\t\t\t<\/div>\n\t\t\t\t\t<\/div>\n\t\t\t\t<\/div>\n\t\t\t\t<section class=\"elementor-section elementor-top-section elementor-element elementor-element-76bfbdc4 elementor-section-boxed elementor-section-height-default elementor-section-height-default\" data-id=\"76bfbdc4\" data-element_type=\"section\" data-e-type=\"section\">\n\t\t\t\t\t\t<div class=\"elementor-container elementor-column-gap-default\">\n\t\t\t\t\t<div class=\"elementor-column elementor-col-100 elementor-top-column elementor-element elementor-element-3cf5edb9\" data-id=\"3cf5edb9\" data-element_type=\"column\" data-e-type=\"column\">\n\t\t\t<div class=\"elementor-widget-wrap elementor-element-populated\">\n\t\t\t\t\t\t<div class=\"elementor-element elementor-element-11e869e7 section-align-left elementor-widget elementor-widget-portfolio-grid\" data-id=\"11e869e7\" data-element_type=\"widget\" data-e-type=\"widget\" data-widget_type=\"portfolio-grid.default\">\n\t\t\t\t<div class=\"elementor-widget-container\">\n\t\t\t\t\t<div class=\"portfolio-grid-container lightgallery-container portfolio-gridblock-columns-wrap\"><div id=\"gridblock-container\" class=\"portfolio-gutter-nospace thumnails-gutter-active    boxtitle-active has-effect-none grid-style-wall-grid gridblock-three clearfix\" data-columns=\"3\"><div class=\"gridblock-element grid-animate-display-all isotope-displayed gridblock-element-id-7104 gridblock-element-order-1  gridblock-filterable filter-34\" data-portfolio=\"portfolio-7104\" data-id=\"id-2\"><div class=\"gridblock-grid-element gridblock-element-inner\" data-portfolioid=\"7104\"><div class=\"mtheme-post-like-wrap\"><div class=\"mtheme-post-like\"><div class=\"post-link-count-wrap\" data-count_id=\"7104\"><span class=\"post-like-count\">14<\/span><\/div><span class=\"vote-ready\" data-post_id=\"7104\">\n\t\t\t\t\t<span class=\"mtheme-like like-vote-icon like-notvoted animation-standby animated\"><i class=\"vote-like-icon ion-ios-heart-outline\"><\/i><\/span>\n\t\t\t\t\t<\/span><\/div><\/div><div class=\"gridblock-background-hover\"><a  class=\"gridblock-sole-link\" href=\"https:\/\/benbrenot.com\/en\/portfolios\/portraits-avec-sandy\/\"><div class=\"gridblock-links-wrap box-title-box-directlink\"><\/div><div class=\"boxtitle-hover\"><div class=\"work-details\"><div class=\"worktype-categories\">Photo Shoots<\/div><h4>Portraits avec Sandy<\/h4><p class=\"entry-content work-description\">Clair-obscur sur un regard de caract\u00e8re<\/p><\/div><\/div><\/a><\/div><img decoding=\"async\" src=\"https:\/\/benbrenot.com\/wp-content\/themes\/blacksilver\/images\/placeholders\/placeholder-770x770.gif\" data-src=\"https:\/\/benbrenot.com\/wp-content\/uploads\/2025\/11\/BEN_3896-770x770.jpg\" alt=\"\" class=\"displayed-image lazyload\"\/><\/div><\/div><div class=\"gridblock-element grid-animate-display-all isotope-displayed gridblock-element-id-6051 gridblock-element-order-2  gridblock-filterable filter-34\" data-portfolio=\"portfolio-6051\" data-id=\"id-3\"><div class=\"gridblock-grid-element gridblock-element-inner\" data-portfolioid=\"6051\"><div class=\"mtheme-post-like-wrap\"><div class=\"mtheme-post-like\"><div class=\"post-link-count-wrap\" data-count_id=\"6051\"><span class=\"post-like-count\">13<\/span><\/div><span class=\"vote-ready\" data-post_id=\"6051\">\n\t\t\t\t\t<span class=\"mtheme-like like-vote-icon like-notvoted animation-standby animated\"><i class=\"vote-like-icon ion-ios-heart-outline\"><\/i><\/span>\n\t\t\t\t\t<\/span><\/div><\/div><div class=\"gridblock-background-hover\"><a  class=\"gridblock-sole-link\" href=\"https:\/\/benbrenot.com\/en\/portfolios\/boudoir-avec-jade\/\"><div class=\"gridblock-links-wrap box-title-box-directlink\"><\/div><div class=\"boxtitle-hover\"><div class=\"work-details\"><div class=\"worktype-categories\">Photo Shoots<\/div><h4>Boudoir with Jade<\/h4><p class=\"entry-content work-description\">Intimate lighting and unapologetic charm<\/p><\/div><\/div><\/a><\/div><img decoding=\"async\" src=\"https:\/\/benbrenot.com\/wp-content\/themes\/blacksilver\/images\/placeholders\/placeholder-770x770.gif\" data-src=\"https:\/\/benbrenot.com\/wp-content\/uploads\/2025\/04\/BEN_3628-Enhanced-NR-770x770.jpg\" alt=\"\" class=\"displayed-image lazyload\"\/><\/div><\/div><div class=\"gridblock-element grid-animate-display-all isotope-displayed gridblock-element-id-3369 gridblock-element-order-3  gridblock-filterable filter-34\" data-portfolio=\"portfolio-3369\" data-id=\"id-4\"><div class=\"gridblock-grid-element gridblock-element-inner\" data-portfolioid=\"3369\"><div class=\"mtheme-post-like-wrap\"><div class=\"mtheme-post-like\"><div class=\"post-link-count-wrap\" data-count_id=\"3369\"><span class=\"post-like-count\">8<\/span><\/div><span class=\"vote-ready\" data-post_id=\"3369\">\n\t\t\t\t\t<span class=\"mtheme-like like-vote-icon like-notvoted animation-standby animated\"><i class=\"vote-like-icon ion-ios-heart-outline\"><\/i><\/span>\n\t\t\t\t\t<\/span><\/div><\/div><div class=\"gridblock-background-hover\"><a  class=\"gridblock-sole-link\" href=\"https:\/\/benbrenot.com\/en\/portfolios\/session-boudoir-avec-ma-moitie\/\"><div class=\"gridblock-links-wrap box-title-box-directlink\"><\/div><div class=\"boxtitle-hover\"><div class=\"work-details\"><div class=\"worktype-categories\">Photo Shoots<\/div><h4>Boudoir with my partner<\/h4><p class=\"entry-content work-description\">Between elegance and sensuality<\/p><\/div><\/div><\/a><\/div><img decoding=\"async\" src=\"https:\/\/benbrenot.com\/wp-content\/themes\/blacksilver\/images\/placeholders\/placeholder-770x770.gif\" data-src=\"https:\/\/benbrenot.com\/wp-content\/uploads\/2024\/08\/ZFC_8404-770x770.jpg\" alt=\"\" class=\"displayed-image lazyload\"\/><\/div><\/div><div class=\"gridblock-element grid-animate-display-all isotope-displayed gridblock-element-id-2905 gridblock-element-order-4  gridblock-filterable filter-34\" data-portfolio=\"portfolio-2905\" data-id=\"id-5\"><div class=\"gridblock-grid-element gridblock-element-inner\" data-portfolioid=\"2905\"><div class=\"mtheme-post-like-wrap\"><div class=\"mtheme-post-like\"><div class=\"post-link-count-wrap\" data-count_id=\"2905\"><span class=\"post-like-count\">9<\/span><\/div><span class=\"vote-ready\" data-post_id=\"2905\">\n\t\t\t\t\t<span class=\"mtheme-like like-vote-icon like-notvoted animation-standby animated\"><i class=\"vote-like-icon ion-ios-heart-outline\"><\/i><\/span>\n\t\t\t\t\t<\/span><\/div><\/div><div class=\"gridblock-background-hover\"><a  class=\"gridblock-sole-link\" href=\"https:\/\/benbrenot.com\/en\/portfolios\/chris-bagayo-chavire\/\"><div class=\"gridblock-links-wrap box-title-box-directlink\"><\/div><div class=\"boxtitle-hover\"><div class=\"work-details\"><div class=\"worktype-categories\">Photo Shoots<\/div><h4>Chris a.k.a Bagayo Chavire<\/h4><p class=\"entry-content work-description\">Photo shoot for album covers &amp; social media content<\/p><\/div><\/div><\/a><\/div><img decoding=\"async\" src=\"https:\/\/benbrenot.com\/wp-content\/themes\/blacksilver\/images\/placeholders\/placeholder-770x770.gif\" data-src=\"https:\/\/benbrenot.com\/wp-content\/uploads\/2024\/08\/ZFC_3312-770x770.jpg\" alt=\"\" class=\"displayed-image lazyload\"\/><\/div><\/div><\/div><\/div>\t\t\t\t<\/div>\n\t\t\t\t<\/div>\n\t\t\t\t\t<\/div>\n\t\t<\/div>\n\t\t\t\t\t<\/div>\n\t\t<\/section>\n\t\t\t\t<section class=\"elementor-section elementor-top-section elementor-element elementor-element-63fe6ca elementor-section-boxed elementor-section-height-default elementor-section-height-default\" data-id=\"63fe6ca\" data-element_type=\"section\" data-e-type=\"section\">\n\t\t\t\t\t\t<div class=\"elementor-container elementor-column-gap-default\">\n\t\t\t\t\t<div class=\"elementor-column elementor-col-100 elementor-top-column elementor-element elementor-element-f584d3f\" data-id=\"f584d3f\" data-element_type=\"column\" data-e-type=\"column\">\n\t\t\t<div class=\"elementor-widget-wrap elementor-element-populated\">\n\t\t\t\t\t\t<div class=\"elementor-element elementor-element-27df756 section-align-center section-size-large subtitle-style-sidelines elementor-widget elementor-widget-section-heading\" data-id=\"27df756\" data-element_type=\"widget\" data-e-type=\"widget\" data-widget_type=\"section-heading.default\">\n\t\t\t\t<div class=\"elementor-widget-container\">\n\t\t\t\t\t<div class=\"section-heading headingstyle-subtitle\"><h5 class=\"entry-sub-title section-sub-title\">Do you like my work?<\/h5><div class=\"section-title-wrapper\"><h2 class=\"entry-title section-title\">Let's collaborate!<\/h2><\/div><div class=\"section-description clearfix\"><div class=\"section-description-inner\"><p>\ud83d\udccd Toulouse (France) &amp; away<\/p>\n<\/div><\/div><div class=\"section-button\"><a  href=\"https:\/\/benbrenot.com\/en\/contactez-moi\/\"><div class=\"mtheme-button\">Contact me<\/div><\/a><\/div><\/div>\t\t\t\t<\/div>\n\t\t\t\t<\/div>\n\t\t\t\t\t<\/div>\n\t\t<\/div>\n\t\t\t\t\t<\/div>\n\t\t<\/section>\n\t\t\t\t<\/div>","protected":false},"excerpt":{"rendered":"<p>Portfolio Shootings Collaborations avec les particuliers &amp; marques 3 personnes aiment ce portfolio 13Shootings Portraits avec Sandy Clair-obscur sur un regard de caract\u00e8re 12Shootings Boudoir avec Jade Lumi\u00e8re intime et charme assum\u00e9 7Shootings Boudoir avec ma moiti\u00e9 Entre \u00e9l\u00e9gance et volupt\u00e9 8Shootings Chris a.k.a Bagayo Chavire Shooting photo pour pochettes d&rsquo;album &#038; contenu social media Mon travail vous pla\u00eet ? Collaborons ensemble ! \ud83d\udccd Toulouse &amp; d\u00e9placements possibles Me contacter<\/p>","protected":false},"author":1,"featured_media":2918,"parent":0,"menu_order":0,"comment_status":"closed","ping_status":"closed","template":"","meta":{"footnotes":""},"class_list":["post-2917","page","type-page","status-publish","has-post-thumbnail","hentry"],"yoast_head":"<!-- This site is optimized with the Yoast SEO plugin v27.4 - https:\/\/yoast.com\/product\/yoast-seo-wordpress\/ -->\n<title>Shootings - Ben Brenot Photography<\/title>\n<meta name=\"robots\" content=\"index, follow, max-snippet:-1, max-image-preview:large, max-video-preview:-1\" \/>\n<link rel=\"canonical\" href=\"https:\/\/benbrenot.com\/en\/shootings\/\" \/>\n<meta property=\"og:locale\" content=\"en_GB\" \/>\n<meta property=\"og:type\" content=\"article\" \/>\n<meta property=\"og:title\" content=\"Shootings - Ben Brenot Photography\" \/>\n<meta property=\"og:description\" content=\"Portfolio Shootings Collaborations avec les particuliers &amp; marques 3 personnes aiment ce portfolio 13Shootings Portraits avec Sandy Clair-obscur sur un regard de caract\u00e8re 12Shootings Boudoir avec Jade Lumi\u00e8re intime et charme assum\u00e9 7Shootings Boudoir avec ma moiti\u00e9 Entre \u00e9l\u00e9gance et volupt\u00e9 8Shootings Chris a.k.a Bagayo Chavire Shooting photo pour pochettes d&rsquo;album &#038; contenu social media Mon travail vous pla\u00eet ? Collaborons ensemble ! \ud83d\udccd Toulouse &amp; d\u00e9placements possibles Me contacter\" \/>\n<meta property=\"og:url\" content=\"https:\/\/benbrenot.com\/en\/shootings\/\" \/>\n<meta property=\"og:site_name\" content=\"Ben Brenot Photography\" \/>\n<meta property=\"article:modified_time\" content=\"2025-11-10T10:59:33+00:00\" \/>\n<meta property=\"og:image\" content=\"https:\/\/benbrenot.com\/wp-content\/uploads\/2024\/08\/ZFC_2963-Enhanced-NR-scaled.jpg\" \/>\n\t<meta property=\"og:image:width\" content=\"1920\" \/>\n\t<meta property=\"og:image:height\" content=\"1280\" \/>\n\t<meta property=\"og:image:type\" content=\"image\/jpeg\" \/>\n<meta name=\"twitter:card\" content=\"summary_large_image\" \/>\n<meta name=\"twitter:label1\" content=\"Estimated reading time\" \/>\n\t<meta name=\"twitter:data1\" content=\"2 minutes\" \/>\n<script type=\"application\/ld+json\" class=\"yoast-schema-graph\">{\"@context\":\"https:\\\/\\\/schema.org\",\"@graph\":[{\"@type\":\"WebPage\",\"@id\":\"https:\\\/\\\/benbrenot.com\\\/shootings\\\/\",\"url\":\"https:\\\/\\\/benbrenot.com\\\/shootings\\\/\",\"name\":\"Shootings - Ben Brenot Photography\",\"isPartOf\":{\"@id\":\"https:\\\/\\\/benbrenot.com\\\/#website\"},\"primaryImageOfPage\":{\"@id\":\"https:\\\/\\\/benbrenot.com\\\/shootings\\\/#primaryimage\"},\"image\":{\"@id\":\"https:\\\/\\\/benbrenot.com\\\/shootings\\\/#primaryimage\"},\"thumbnailUrl\":\"https:\\\/\\\/benbrenot.com\\\/wp-content\\\/uploads\\\/2024\\\/08\\\/ZFC_2963-Enhanced-NR-scaled.jpg\",\"datePublished\":\"2024-08-31T19:59:07+00:00\",\"dateModified\":\"2025-11-10T10:59:33+00:00\",\"breadcrumb\":{\"@id\":\"https:\\\/\\\/benbrenot.com\\\/shootings\\\/#breadcrumb\"},\"inLanguage\":\"en-GB\",\"potentialAction\":[{\"@type\":\"ReadAction\",\"target\":[\"https:\\\/\\\/benbrenot.com\\\/shootings\\\/\"]}]},{\"@type\":\"ImageObject\",\"inLanguage\":\"en-GB\",\"@id\":\"https:\\\/\\\/benbrenot.com\\\/shootings\\\/#primaryimage\",\"url\":\"https:\\\/\\\/benbrenot.com\\\/wp-content\\\/uploads\\\/2024\\\/08\\\/ZFC_2963-Enhanced-NR-scaled.jpg\",\"contentUrl\":\"https:\\\/\\\/benbrenot.com\\\/wp-content\\\/uploads\\\/2024\\\/08\\\/ZFC_2963-Enhanced-NR-scaled.jpg\",\"width\":1920,\"height\":1280},{\"@type\":\"BreadcrumbList\",\"@id\":\"https:\\\/\\\/benbrenot.com\\\/shootings\\\/#breadcrumb\",\"itemListElement\":[{\"@type\":\"ListItem\",\"position\":1,\"name\":\"Accueil\",\"item\":\"https:\\\/\\\/benbrenot.com\\\/\"},{\"@type\":\"ListItem\",\"position\":2,\"name\":\"Shootings\"}]},{\"@type\":\"WebSite\",\"@id\":\"https:\\\/\\\/benbrenot.com\\\/#website\",\"url\":\"https:\\\/\\\/benbrenot.com\\\/\",\"name\":\"BENBRENOT\",\"description\":\"Explorer le monde + l&#039;humain\",\"publisher\":{\"@id\":\"https:\\\/\\\/benbrenot.com\\\/#\\\/schema\\\/person\\\/fc61c06c42e88a5246af9a7fe9843d22\"},\"potentialAction\":[{\"@type\":\"SearchAction\",\"target\":{\"@type\":\"EntryPoint\",\"urlTemplate\":\"https:\\\/\\\/benbrenot.com\\\/?s={search_term_string}\"},\"query-input\":{\"@type\":\"PropertyValueSpecification\",\"valueRequired\":true,\"valueName\":\"search_term_string\"}}],\"inLanguage\":\"en-GB\"},{\"@type\":[\"Person\",\"Organization\"],\"@id\":\"https:\\\/\\\/benbrenot.com\\\/#\\\/schema\\\/person\\\/fc61c06c42e88a5246af9a7fe9843d22\",\"name\":\"Ben\",\"image\":{\"@type\":\"ImageObject\",\"inLanguage\":\"en-GB\",\"@id\":\"https:\\\/\\\/i0.wp.com\\\/benbrenot.com\\\/wp-content\\\/uploads\\\/2024\\\/08\\\/OG-Cover.jpg?fit=1920%2C1080&ssl=1\",\"url\":\"https:\\\/\\\/i0.wp.com\\\/benbrenot.com\\\/wp-content\\\/uploads\\\/2024\\\/08\\\/OG-Cover.jpg?fit=1920%2C1080&ssl=1\",\"contentUrl\":\"https:\\\/\\\/i0.wp.com\\\/benbrenot.com\\\/wp-content\\\/uploads\\\/2024\\\/08\\\/OG-Cover.jpg?fit=1920%2C1080&ssl=1\",\"width\":1920,\"height\":1080,\"caption\":\"Ben\"},\"logo\":{\"@id\":\"https:\\\/\\\/i0.wp.com\\\/benbrenot.com\\\/wp-content\\\/uploads\\\/2024\\\/08\\\/OG-Cover.jpg?fit=1920%2C1080&ssl=1\"},\"sameAs\":[\"https:\\\/\\\/benbrenot.com\",\"https:\\\/\\\/www.instagram.com\\\/benbrenot\\\/\",\"https:\\\/\\\/www.linkedin.com\\\/in\\\/benjaminbrenot\\\/\"]}]}<\/script>\n<!-- \/ Yoast SEO plugin. -->","yoast_head_json":{"title":"Shootings - Ben Brenot Photography","robots":{"index":"index","follow":"follow","max-snippet":"max-snippet:-1","max-image-preview":"max-image-preview:large","max-video-preview":"max-video-preview:-1"},"canonical":"https:\/\/benbrenot.com\/en\/shootings\/","og_locale":"en_GB","og_type":"article","og_title":"Shootings - Ben Brenot Photography","og_description":"Portfolio Shootings Collaborations avec les particuliers &amp; marques 3 personnes aiment ce portfolio 13Shootings Portraits avec Sandy Clair-obscur sur un regard de caract\u00e8re 12Shootings Boudoir avec Jade Lumi\u00e8re intime et charme assum\u00e9 7Shootings Boudoir avec ma moiti\u00e9 Entre \u00e9l\u00e9gance et volupt\u00e9 8Shootings Chris a.k.a Bagayo Chavire Shooting photo pour pochettes d&rsquo;album &#038; contenu social media Mon travail vous pla\u00eet ? Collaborons ensemble ! \ud83d\udccd Toulouse &amp; d\u00e9placements possibles Me contacter","og_url":"https:\/\/benbrenot.com\/en\/shootings\/","og_site_name":"Ben Brenot Photography","article_modified_time":"2025-11-10T10:59:33+00:00","og_image":[{"width":1920,"height":1280,"url":"https:\/\/benbrenot.com\/wp-content\/uploads\/2024\/08\/ZFC_2963-Enhanced-NR-scaled.jpg","type":"image\/jpeg"}],"twitter_card":"summary_large_image","twitter_misc":{"Estimated reading time":"2 minutes"},"schema":{"@context":"https:\/\/schema.org","@graph":[{"@type":"WebPage","@id":"https:\/\/benbrenot.com\/shootings\/","url":"https:\/\/benbrenot.com\/shootings\/","name":"Shootings - Ben Brenot Photography","isPartOf":{"@id":"https:\/\/benbrenot.com\/#website"},"primaryImageOfPage":{"@id":"https:\/\/benbrenot.com\/shootings\/#primaryimage"},"image":{"@id":"https:\/\/benbrenot.com\/shootings\/#primaryimage"},"thumbnailUrl":"https:\/\/benbrenot.com\/wp-content\/uploads\/2024\/08\/ZFC_2963-Enhanced-NR-scaled.jpg","datePublished":"2024-08-31T19:59:07+00:00","dateModified":"2025-11-10T10:59:33+00:00","breadcrumb":{"@id":"https:\/\/benbrenot.com\/shootings\/#breadcrumb"},"inLanguage":"en-GB","potentialAction":[{"@type":"ReadAction","target":["https:\/\/benbrenot.com\/shootings\/"]}]},{"@type":"ImageObject","inLanguage":"en-GB","@id":"https:\/\/benbrenot.com\/shootings\/#primaryimage","url":"https:\/\/benbrenot.com\/wp-content\/uploads\/2024\/08\/ZFC_2963-Enhanced-NR-scaled.jpg","contentUrl":"https:\/\/benbrenot.com\/wp-content\/uploads\/2024\/08\/ZFC_2963-Enhanced-NR-scaled.jpg","width":1920,"height":1280},{"@type":"BreadcrumbList","@id":"https:\/\/benbrenot.com\/shootings\/#breadcrumb","itemListElement":[{"@type":"ListItem","position":1,"name":"Accueil","item":"https:\/\/benbrenot.com\/"},{"@type":"ListItem","position":2,"name":"Shootings"}]},{"@type":"WebSite","@id":"https:\/\/benbrenot.com\/#website","url":"https:\/\/benbrenot.com\/","name":"BENBRENOT","description":"Explorer le monde + l&#039;humain","publisher":{"@id":"https:\/\/benbrenot.com\/#\/schema\/person\/fc61c06c42e88a5246af9a7fe9843d22"},"potentialAction":[{"@type":"SearchAction","target":{"@type":"EntryPoint","urlTemplate":"https:\/\/benbrenot.com\/?s={search_term_string}"},"query-input":{"@type":"PropertyValueSpecification","valueRequired":true,"valueName":"search_term_string"}}],"inLanguage":"en-GB"},{"@type":["Person","Organization"],"@id":"https:\/\/benbrenot.com\/#\/schema\/person\/fc61c06c42e88a5246af9a7fe9843d22","name":"Ben","image":{"@type":"ImageObject","inLanguage":"en-GB","@id":"https:\/\/i0.wp.com\/benbrenot.com\/wp-content\/uploads\/2024\/08\/OG-Cover.jpg?fit=1920%2C1080&ssl=1","url":"https:\/\/i0.wp.com\/benbrenot.com\/wp-content\/uploads\/2024\/08\/OG-Cover.jpg?fit=1920%2C1080&ssl=1","contentUrl":"https:\/\/i0.wp.com\/benbrenot.com\/wp-content\/uploads\/2024\/08\/OG-Cover.jpg?fit=1920%2C1080&ssl=1","width":1920,"height":1080,"caption":"Ben"},"logo":{"@id":"https:\/\/i0.wp.com\/benbrenot.com\/wp-content\/uploads\/2024\/08\/OG-Cover.jpg?fit=1920%2C1080&ssl=1"},"sameAs":["https:\/\/benbrenot.com","https:\/\/www.instagram.com\/benbrenot\/","https:\/\/www.linkedin.com\/in\/benjaminbrenot\/"]}]}},"_links":{"self":[{"href":"https:\/\/benbrenot.com\/en\/wp-json\/wp\/v2\/pages\/2917","targetHints":{"allow":["GET"]}}],"collection":[{"href":"https:\/\/benbrenot.com\/en\/wp-json\/wp\/v2\/pages"}],"about":[{"href":"https:\/\/benbrenot.com\/en\/wp-json\/wp\/v2\/types\/page"}],"author":[{"embeddable":true,"href":"https:\/\/benbrenot.com\/en\/wp-json\/wp\/v2\/users\/1"}],"replies":[{"embeddable":true,"href":"https:\/\/benbrenot.com\/en\/wp-json\/wp\/v2\/comments?post=2917"}],"version-history":[{"count":24,"href":"https:\/\/benbrenot.com\/en\/wp-json\/wp\/v2\/pages\/2917\/revisions"}],"predecessor-version":[{"id":7224,"href":"https:\/\/benbrenot.com\/en\/wp-json\/wp\/v2\/pages\/2917\/revisions\/7224"}],"wp:featuredmedia":[{"embeddable":true,"href":"https:\/\/benbrenot.com\/en\/wp-json\/wp\/v2\/media\/2918"}],"wp:attachment":[{"href":"https:\/\/benbrenot.com\/en\/wp-json\/wp\/v2\/media?parent=2917"}],"curies":[{"name":"wp","href":"https:\/\/api.w.org\/{rel}","templated":true}]}}