{"id":3,"date":"2024-08-29T14:36:48","date_gmt":"2024-08-29T14:36:48","guid":{"rendered":"http:\/\/benbrenot.com\/?page_id=3"},"modified":"2026-03-09T11:49:08","modified_gmt":"2026-03-09T10:49:08","slug":"mentions-legales","status":"publish","type":"page","link":"https:\/\/benbrenot.com\/en\/mentions-legales\/","title":{"rendered":"Legal notices"},"content":{"rendered":"<div data-elementor-type=\"wp-page\" data-elementor-id=\"3\" class=\"elementor elementor-3\">\n\t\t\t\t<div class=\"elementor-element elementor-element-67dfd815 e-con-full e-flex e-con e-parent\" data-id=\"67dfd815\" data-element_type=\"container\" data-e-type=\"container\">\n\t\t\t\t<div class=\"elementor-element elementor-element-a491e80 elementor-widget elementor-widget-text-editor\" data-id=\"a491e80\" data-element_type=\"widget\" data-e-type=\"widget\" data-widget_type=\"text-editor.default\">\n\t\t\t\t<div class=\"elementor-widget-container\">\n\t\t\t\t\t\t\t\t\t<h2><b>Legal notices<br><\/b><\/h2>\n<p><span style=\"font-weight: 400;\">In accordance with the provisions of Law No. 2004-575 of June 21, 2004, for confidence in the digital economy, users of the Benbrenot.com site are informed of the identity of the various contributors involved in its creation and maintenance.<\/span><\/p>\n<hr>\n<h3>&nbsp;<\/h3>\n<h3><b>1. Site Publishing&nbsp;<\/b><\/h3>\n<p><span style=\"font-weight: 400;\">This site, accessible at the URL benbrenot.com (the 'Site'), is published by:<\/span><\/p>\n<p><span style=\"font-weight: 400;\">Benjamin Brenot, r\u00e9sidant 4 rue Dels Pibouls, 31120 Lacroix Falgarde, de nationalit\u00e9 Fran\u00e7aise (France), n\u00e9(e) le 11\/07\/1990.<\/span><\/p>\n<hr>\n<h3>&nbsp;<\/h3>\n<h3><b>2. Hosting<\/b><\/h3>\n<p><span style=\"font-weight: 400;\">The Site is hosted by the company 1&amp;1 \/ IONOS, located at 7 Place de la Gare \u2013 57200 Sarreguemines, (phone or email contact: (+33) 9 70 80 89 11).<\/span><\/p>\n<hr>\n<h3>&nbsp;<\/h3>\n<h3><b>3. Publication Director&nbsp;<\/b><\/h3>\n<p><span style=\"font-weight: 400;\">The Publication Director of the Site is Benjamin Brenot.<\/span><\/p>\n<hr>\n<h3>&nbsp;<\/h3>\n<h3><b>4. Intellectual Property and Copyright<\/b><\/h3>\n<p>All the photographs presented on this site are the exclusive property of Benjamin Brenot, photographer and creator of this portfolio. They are protected by French intellectual property laws, including Articles L111-1 and following of the Intellectual Property Code. Any reproduction, representation, modification, adaptation, or use, in whole or in part, of the images without prior written permission from the author is strictly prohibited and constitutes an infringement punishable under Articles L335-2 and following of the same Code. The same applies to translation, adaptation, or arrangement by any means, in accordance with Law No. 57-298 of March 11, 1957, on literary and artistic property. By accessing this site, you acknowledge and agree that all images are protected by copyright and that you have no right to use them without the explicit consent of the photographer.<\/p>\n<hr>\n<h3>&nbsp;<\/h3>\n<h3><b>5. Personal Data<\/b><\/h3>\n<p><span style=\"font-weight: 400;\">Le traitement de vos donn\u00e9es \u00e0 caract\u00e8re personnel est r\u00e9gi par notre Charte du respect de la vie priv\u00e9e, disponible depuis la section&nbsp;<\/span><span style=\"font-family: jost, Helvetica, Arial, sans-serif; font-size: 16px; font-style: normal; font-weight: 400;\">\u00ab<\/span><span style=\"font-weight: 400;\"><a href=\"https:\/\/benbrenot.com\/en\/privacy\/\">Personal Data Protection Charter<\/a><\/span><span style=\"font-family: jost, Helvetica, Arial, sans-serif; font-size: 16px; font-style: normal; font-weight: 400;\">\u00bb<\/span><span style=\"font-weight: 400;\">, conform\u00e9ment au R\u00e8glement G\u00e9n\u00e9ral sur la Protection des Donn\u00e9es 2016\/679 du 27 avril 2016 (\u00abRGPD\u00bb).<br><\/span><\/p>\n<hr>\n<h3>&nbsp;<\/h3>\n<h3><b>6. Liability<\/b><\/h3>\n<p>The site publisher makes every effort to ensure the accuracy and up-to-date status of the information published on this site and reserves the right to modify, at any time and without prior notice, the content or presentation of this site. However, the publisher cannot guarantee the accuracy, precision, or completeness of the information available on this site. Consequently, the publisher disclaims all responsibility for any inaccuracies, errors, or omissions in the information available on this site.<\/p>\n<hr>\n<h3>&nbsp;<\/h3>\n<h3><b>7. Hyperlinks<\/b><\/h3>\n<p>Hyperlinks on this website that refer to external sites do not engage the publisher\u2019s responsibility for the content of those sites.<\/p>\n<hr>\n<h3>&nbsp;<\/h3>\n<h3><b>8. Site Modification<\/b><\/h3>\n<p>Benjamin Brenot reserves the right to modify or correct the content of this site and this legal notice at any time and without prior notice.<\/p>\n<hr>\n<h3>&nbsp;<\/h3>\n<h3><b>9. Contact me&nbsp;<\/b><\/h3>\n<p><span style=\"font-size: 16px; font-weight: 400; text-align: var(--text-align); letter-spacing: 0px;\">Par email : support@benbrenot.com<br><\/span><span style=\"font-weight: 400;\">Par courrier : Chateau de Lacroix, All\u00e9e Louis De Lafage, 31120 Lacroix Falgarde.<\/span><\/p>\n<hr>\n<h3>&nbsp;<\/h3>\n<h3><b>10. Applicable Law&nbsp;<\/b><\/h3>\n<p>These legal notices are governed by French law. In the event of a dispute, and after failing to reach an amicable solution, French courts shall have sole jurisdiction to resolve the dispute.<\/p>\n<p><span style=\"font-weight: 400;\">&nbsp;<\/span><\/p>\t\t\t\t\t\t\t\t<\/div>\n\t\t\t\t<\/div>\n\t\t\t\t<\/div>\n\t\t\t\t<\/div>","protected":false},"excerpt":{"rendered":"<p>Mentions l\u00e9gales Conform\u00e9ment aux dispositions de la loi n\u00b0 2004-575 du 21 juin 2004 pour la confiance en l&rsquo;\u00e9conomie num\u00e9rique, il est pr\u00e9cis\u00e9 aux utilisateurs du site Benbrenot.com l&rsquo;identit\u00e9 des diff\u00e9rents intervenants dans le cadre de sa r\u00e9alisation et de son suivi. &nbsp; 1. Edition du site&nbsp; Le pr\u00e9sent site, accessible \u00e0 l\u2019URL benbrenot.com (le \u00ab Site \u00bb), est \u00e9dit\u00e9 par : Benjamin Brenot, r\u00e9sidant 4 rue Dels Pibouls, 31120 Lacroix Falgarde, de nationalit\u00e9 Fran\u00e7aise (France), n\u00e9(e) le 11\/07\/1990. &nbsp; [&hellip;]<\/p>\n","protected":false},"author":1,"featured_media":0,"parent":0,"menu_order":0,"comment_status":"closed","ping_status":"open","template":"","meta":{"footnotes":""},"class_list":["post-3","page","type-page","status-publish","hentry"],"yoast_head":"<!-- This site is optimized with the Yoast SEO plugin v27.4 - https:\/\/yoast.com\/product\/yoast-seo-wordpress\/ -->\n<title>Mentions L\u00e9gales - Ben Brenot Photography<\/title>\n<meta name=\"robots\" content=\"index, follow, max-snippet:-1, max-image-preview:large, max-video-preview:-1\" \/>\n<link rel=\"canonical\" href=\"https:\/\/benbrenot.com\/en\/mentions-legales\/\" \/>\n<meta property=\"og:locale\" content=\"en_GB\" \/>\n<meta property=\"og:type\" content=\"article\" \/>\n<meta property=\"og:title\" content=\"Mentions L\u00e9gales - Ben Brenot Photography\" \/>\n<meta property=\"og:description\" content=\"Mentions l\u00e9gales Conform\u00e9ment aux dispositions de la loi n\u00b0 2004-575 du 21 juin 2004 pour la confiance en l&rsquo;\u00e9conomie num\u00e9rique, il est pr\u00e9cis\u00e9 aux utilisateurs du site Benbrenot.com l&rsquo;identit\u00e9 des diff\u00e9rents intervenants dans le cadre de sa r\u00e9alisation et de son suivi. &nbsp; 1. Edition du site&nbsp; Le pr\u00e9sent site, accessible \u00e0 l\u2019URL benbrenot.com (le \u00ab Site \u00bb), est \u00e9dit\u00e9 par : Benjamin Brenot, r\u00e9sidant 4 rue Dels Pibouls, 31120 Lacroix Falgarde, de nationalit\u00e9 Fran\u00e7aise (France), n\u00e9(e) le 11\/07\/1990. &nbsp; [&hellip;]\" \/>\n<meta property=\"og:url\" content=\"https:\/\/benbrenot.com\/en\/mentions-legales\/\" \/>\n<meta property=\"og:site_name\" content=\"Ben Brenot Photography\" \/>\n<meta property=\"article:modified_time\" content=\"2026-03-09T10:49:08+00:00\" \/>\n<meta name=\"twitter:card\" content=\"summary_large_image\" \/>\n<meta name=\"twitter:label1\" content=\"Estimated reading time\" \/>\n\t<meta name=\"twitter:data1\" content=\"3 minutes\" \/>\n<script type=\"application\/ld+json\" class=\"yoast-schema-graph\">{\"@context\":\"https:\\\/\\\/schema.org\",\"@graph\":[{\"@type\":\"WebPage\",\"@id\":\"https:\\\/\\\/benbrenot.com\\\/mentions-legales\\\/\",\"url\":\"https:\\\/\\\/benbrenot.com\\\/mentions-legales\\\/\",\"name\":\"Mentions L\u00e9gales - Ben Brenot Photography\",\"isPartOf\":{\"@id\":\"https:\\\/\\\/benbrenot.com\\\/#website\"},\"datePublished\":\"2024-08-29T14:36:48+00:00\",\"dateModified\":\"2026-03-09T10:49:08+00:00\",\"breadcrumb\":{\"@id\":\"https:\\\/\\\/benbrenot.com\\\/mentions-legales\\\/#breadcrumb\"},\"inLanguage\":\"en-GB\",\"potentialAction\":[{\"@type\":\"ReadAction\",\"target\":[\"https:\\\/\\\/benbrenot.com\\\/mentions-legales\\\/\"]}]},{\"@type\":\"BreadcrumbList\",\"@id\":\"https:\\\/\\\/benbrenot.com\\\/mentions-legales\\\/#breadcrumb\",\"itemListElement\":[{\"@type\":\"ListItem\",\"position\":1,\"name\":\"Accueil\",\"item\":\"https:\\\/\\\/benbrenot.com\\\/\"},{\"@type\":\"ListItem\",\"position\":2,\"name\":\"Mentions L\u00e9gales\"}]},{\"@type\":\"WebSite\",\"@id\":\"https:\\\/\\\/benbrenot.com\\\/#website\",\"url\":\"https:\\\/\\\/benbrenot.com\\\/\",\"name\":\"BENBRENOT\",\"description\":\"Explorer le monde + l&#039;humain\",\"publisher\":{\"@id\":\"https:\\\/\\\/benbrenot.com\\\/#\\\/schema\\\/person\\\/fc61c06c42e88a5246af9a7fe9843d22\"},\"potentialAction\":[{\"@type\":\"SearchAction\",\"target\":{\"@type\":\"EntryPoint\",\"urlTemplate\":\"https:\\\/\\\/benbrenot.com\\\/?s={search_term_string}\"},\"query-input\":{\"@type\":\"PropertyValueSpecification\",\"valueRequired\":true,\"valueName\":\"search_term_string\"}}],\"inLanguage\":\"en-GB\"},{\"@type\":[\"Person\",\"Organization\"],\"@id\":\"https:\\\/\\\/benbrenot.com\\\/#\\\/schema\\\/person\\\/fc61c06c42e88a5246af9a7fe9843d22\",\"name\":\"Ben\",\"image\":{\"@type\":\"ImageObject\",\"inLanguage\":\"en-GB\",\"@id\":\"https:\\\/\\\/i0.wp.com\\\/benbrenot.com\\\/wp-content\\\/uploads\\\/2024\\\/08\\\/OG-Cover.jpg?fit=1920%2C1080&ssl=1\",\"url\":\"https:\\\/\\\/i0.wp.com\\\/benbrenot.com\\\/wp-content\\\/uploads\\\/2024\\\/08\\\/OG-Cover.jpg?fit=1920%2C1080&ssl=1\",\"contentUrl\":\"https:\\\/\\\/i0.wp.com\\\/benbrenot.com\\\/wp-content\\\/uploads\\\/2024\\\/08\\\/OG-Cover.jpg?fit=1920%2C1080&ssl=1\",\"width\":1920,\"height\":1080,\"caption\":\"Ben\"},\"logo\":{\"@id\":\"https:\\\/\\\/i0.wp.com\\\/benbrenot.com\\\/wp-content\\\/uploads\\\/2024\\\/08\\\/OG-Cover.jpg?fit=1920%2C1080&ssl=1\"},\"sameAs\":[\"https:\\\/\\\/benbrenot.com\",\"https:\\\/\\\/www.instagram.com\\\/benbrenot\\\/\",\"https:\\\/\\\/www.linkedin.com\\\/in\\\/benjaminbrenot\\\/\"]}]}<\/script>\n<!-- \/ Yoast SEO plugin. -->","yoast_head_json":{"title":"Mentions L\u00e9gales - Ben Brenot Photography","robots":{"index":"index","follow":"follow","max-snippet":"max-snippet:-1","max-image-preview":"max-image-preview:large","max-video-preview":"max-video-preview:-1"},"canonical":"https:\/\/benbrenot.com\/en\/mentions-legales\/","og_locale":"en_GB","og_type":"article","og_title":"Mentions L\u00e9gales - Ben Brenot Photography","og_description":"Mentions l\u00e9gales Conform\u00e9ment aux dispositions de la loi n\u00b0 2004-575 du 21 juin 2004 pour la confiance en l&rsquo;\u00e9conomie num\u00e9rique, il est pr\u00e9cis\u00e9 aux utilisateurs du site Benbrenot.com l&rsquo;identit\u00e9 des diff\u00e9rents intervenants dans le cadre de sa r\u00e9alisation et de son suivi. &nbsp; 1. Edition du site&nbsp; Le pr\u00e9sent site, accessible \u00e0 l\u2019URL benbrenot.com (le \u00ab Site \u00bb), est \u00e9dit\u00e9 par : Benjamin Brenot, r\u00e9sidant 4 rue Dels Pibouls, 31120 Lacroix Falgarde, de nationalit\u00e9 Fran\u00e7aise (France), n\u00e9(e) le 11\/07\/1990. &nbsp; [&hellip;]","og_url":"https:\/\/benbrenot.com\/en\/mentions-legales\/","og_site_name":"Ben Brenot Photography","article_modified_time":"2026-03-09T10:49:08+00:00","twitter_card":"summary_large_image","twitter_misc":{"Estimated reading time":"3 minutes"},"schema":{"@context":"https:\/\/schema.org","@graph":[{"@type":"WebPage","@id":"https:\/\/benbrenot.com\/mentions-legales\/","url":"https:\/\/benbrenot.com\/mentions-legales\/","name":"Mentions L\u00e9gales - Ben Brenot Photography","isPartOf":{"@id":"https:\/\/benbrenot.com\/#website"},"datePublished":"2024-08-29T14:36:48+00:00","dateModified":"2026-03-09T10:49:08+00:00","breadcrumb":{"@id":"https:\/\/benbrenot.com\/mentions-legales\/#breadcrumb"},"inLanguage":"en-GB","potentialAction":[{"@type":"ReadAction","target":["https:\/\/benbrenot.com\/mentions-legales\/"]}]},{"@type":"BreadcrumbList","@id":"https:\/\/benbrenot.com\/mentions-legales\/#breadcrumb","itemListElement":[{"@type":"ListItem","position":1,"name":"Accueil","item":"https:\/\/benbrenot.com\/"},{"@type":"ListItem","position":2,"name":"Mentions L\u00e9gales"}]},{"@type":"WebSite","@id":"https:\/\/benbrenot.com\/#website","url":"https:\/\/benbrenot.com\/","name":"BENBRENOT","description":"Explorer le monde + l&#039;humain","publisher":{"@id":"https:\/\/benbrenot.com\/#\/schema\/person\/fc61c06c42e88a5246af9a7fe9843d22"},"potentialAction":[{"@type":"SearchAction","target":{"@type":"EntryPoint","urlTemplate":"https:\/\/benbrenot.com\/?s={search_term_string}"},"query-input":{"@type":"PropertyValueSpecification","valueRequired":true,"valueName":"search_term_string"}}],"inLanguage":"en-GB"},{"@type":["Person","Organization"],"@id":"https:\/\/benbrenot.com\/#\/schema\/person\/fc61c06c42e88a5246af9a7fe9843d22","name":"Ben","image":{"@type":"ImageObject","inLanguage":"en-GB","@id":"https:\/\/i0.wp.com\/benbrenot.com\/wp-content\/uploads\/2024\/08\/OG-Cover.jpg?fit=1920%2C1080&ssl=1","url":"https:\/\/i0.wp.com\/benbrenot.com\/wp-content\/uploads\/2024\/08\/OG-Cover.jpg?fit=1920%2C1080&ssl=1","contentUrl":"https:\/\/i0.wp.com\/benbrenot.com\/wp-content\/uploads\/2024\/08\/OG-Cover.jpg?fit=1920%2C1080&ssl=1","width":1920,"height":1080,"caption":"Ben"},"logo":{"@id":"https:\/\/i0.wp.com\/benbrenot.com\/wp-content\/uploads\/2024\/08\/OG-Cover.jpg?fit=1920%2C1080&ssl=1"},"sameAs":["https:\/\/benbrenot.com","https:\/\/www.instagram.com\/benbrenot\/","https:\/\/www.linkedin.com\/in\/benjaminbrenot\/"]}]}},"_links":{"self":[{"href":"https:\/\/benbrenot.com\/en\/wp-json\/wp\/v2\/pages\/3","targetHints":{"allow":["GET"]}}],"collection":[{"href":"https:\/\/benbrenot.com\/en\/wp-json\/wp\/v2\/pages"}],"about":[{"href":"https:\/\/benbrenot.com\/en\/wp-json\/wp\/v2\/types\/page"}],"author":[{"embeddable":true,"href":"https:\/\/benbrenot.com\/en\/wp-json\/wp\/v2\/users\/1"}],"replies":[{"embeddable":true,"href":"https:\/\/benbrenot.com\/en\/wp-json\/wp\/v2\/comments?post=3"}],"version-history":[{"count":3,"href":"https:\/\/benbrenot.com\/en\/wp-json\/wp\/v2\/pages\/3\/revisions"}],"predecessor-version":[{"id":7275,"href":"https:\/\/benbrenot.com\/en\/wp-json\/wp\/v2\/pages\/3\/revisions\/7275"}],"wp:attachment":[{"href":"https:\/\/benbrenot.com\/en\/wp-json\/wp\/v2\/media?parent=3"}],"curies":[{"name":"wp","href":"https:\/\/api.w.org\/{rel}","templated":true}]}}