{"id":3004,"date":"2024-08-30T19:57:55","date_gmt":"2024-08-30T18:57:55","guid":{"rendered":"https:\/\/benbrenot.com\/?page_id=3004"},"modified":"2025-11-10T12:00:03","modified_gmt":"2025-11-10T11:00:03","slug":"scenes-de-vie","status":"publish","type":"page","link":"https:\/\/benbrenot.com\/en\/scenes-de-vie\/","title":{"rendered":"Life scenes"},"content":{"rendered":"<div data-elementor-type=\"wp-page\" data-elementor-id=\"3004\" class=\"elementor elementor-3004\">\n\t\t\t\t\t\t<section class=\"jarallax lazyload elementor-section elementor-top-section elementor-element elementor-element-4d459fd9 elementor-section-boxed elementor-section-height-default elementor-section-height-default\" data-jarallax=\"\" data-speed=\"0.75\" data-type=\"scroll\" data-parallax=\"scroll\" style=\"background-image:url(&quot;https:\/\/benbrenot.com\/wp-content\/uploads\/2024\/08\/ZFC_9251-scaled.jpg&quot;);\" data-image-src=\"https:\/\/benbrenot.com\/wp-content\/uploads\/2024\/08\/ZFC_9251-scaled.jpg\" data-id=\"4d459fd9\" data-element_type=\"section\" data-e-type=\"section\" data-settings=\"{&quot;background_background&quot;:&quot;classic&quot;}\">\n\t\t\t\t\t\t\t<div class=\"elementor-background-overlay\"><\/div>\n\t\t\t\t\t\t\t<div class=\"elementor-container elementor-column-gap-default\">\n\t\t\t\t\t<div class=\"elementor-column elementor-col-100 elementor-top-column elementor-element elementor-element-b217c38\" data-id=\"b217c38\" data-element_type=\"column\" data-e-type=\"column\">\n\t\t\t<div class=\"elementor-widget-wrap elementor-element-populated\">\n\t\t\t\t\t\t<div class=\"elementor-element elementor-element-310840ff section-align-left section-size-large subtitle-style-default elementor-widget elementor-widget-section-heading\" data-id=\"310840ff\" data-element_type=\"widget\" data-e-type=\"widget\" data-widget_type=\"section-heading.default\">\n\t\t\t\t<div class=\"elementor-widget-container\">\n\t\t\t\t\t<div class=\"section-heading headingstyle-subtitle\"><h5 class=\"entry-sub-title section-sub-title\">Portfolio<\/h5><div class=\"section-title-wrapper\"><h2 class=\"entry-title section-title\">Life scenes<\/h2><\/div><div class=\"section-description clearfix\"><div class=\"section-description-inner\"><p>Browse all my life scene photos and discover the stories behind each of them<\/p>\n<\/div><\/div><\/div>\t\t\t\t<\/div>\n\t\t\t\t<\/div>\n\t\t\t\t\t<\/div>\n\t\t<\/div>\n\t\t\t\t\t<\/div>\n\t\t<\/section>\n\t\t<div class=\"elementor-element elementor-element-79d4f374 e-flex e-con-boxed e-con e-parent\" data-id=\"79d4f374\" data-element_type=\"container\" data-e-type=\"container\">\n\t\t\t\t\t<div class=\"e-con-inner\">\n\t\t\t\t<div class=\"elementor-element elementor-element-59a2a80f elementor-widget__width-auto elementor-widget elementor-widget-like-status\" data-id=\"59a2a80f\" data-element_type=\"widget\" data-e-type=\"widget\" data-widget_type=\"like-status.default\">\n\t\t\t\t<div class=\"elementor-widget-container\">\n\t\t\t\t\t<div class=\"like-status-container\"><div class=\"mtheme-post-like\"><div class=\"post-link-count-wrap\" data-count_id=\"3004\"><span class=\"post-like-count\">2<\/span><\/div><span class=\"vote-ready\" data-post_id=\"3004\">\n\t\t\t\t\t<span class=\"mtheme-like like-vote-icon like-notvoted animation-standby animated\"><i class=\"vote-like-icon ion-ios-heart-outline\"><\/i><\/span>\n\t\t\t\t\t<\/span><\/div><\/div>\t\t\t\t<\/div>\n\t\t\t\t<\/div>\n\t\t\t\t<div class=\"elementor-element elementor-element-11765408 elementor-widget elementor-widget-heading\" data-id=\"11765408\" data-element_type=\"widget\" data-e-type=\"widget\" data-widget_type=\"heading.default\">\n\t\t\t\t<div class=\"elementor-widget-container\">\n\t\t\t\t\t<h4 class=\"elementor-heading-title elementor-size-default\">personnes aiment ce portfolio<\/h4>\t\t\t\t<\/div>\n\t\t\t\t<\/div>\n\t\t\t\t\t<\/div>\n\t\t\t\t<\/div>\n\t\t\t\t<section class=\"elementor-section elementor-top-section elementor-element elementor-element-46604546 elementor-section-boxed elementor-section-height-default elementor-section-height-default\" data-id=\"46604546\" data-element_type=\"section\" data-e-type=\"section\">\n\t\t\t\t\t\t<div class=\"elementor-container elementor-column-gap-default\">\n\t\t\t\t\t<div class=\"elementor-column elementor-col-100 elementor-top-column elementor-element elementor-element-5ece1bd4\" data-id=\"5ece1bd4\" data-element_type=\"column\" data-e-type=\"column\">\n\t\t\t<div class=\"elementor-widget-wrap elementor-element-populated\">\n\t\t\t\t\t\t<div class=\"elementor-element elementor-element-4721ba6 section-align-left elementor-widget elementor-widget-portfolio-grid\" data-id=\"4721ba6\" data-element_type=\"widget\" data-e-type=\"widget\" data-widget_type=\"portfolio-grid.default\">\n\t\t\t\t<div class=\"elementor-widget-container\">\n\t\t\t\t\t<div class=\"portfolio-grid-container lightgallery-container portfolio-gridblock-columns-wrap\"><div id=\"gridblock-container\" class=\"portfolio-gutter-nospace thumnails-gutter-active    boxtitle-active has-effect-none grid-style-wall-grid gridblock-three clearfix\" data-columns=\"3\"><div class=\"gridblock-element grid-animate-display-all isotope-displayed gridblock-element-id-3010 gridblock-element-order-1  gridblock-filterable filter-35\" data-portfolio=\"portfolio-3010\" data-id=\"id-2\"><div class=\"gridblock-grid-element gridblock-element-inner\" data-portfolioid=\"3010\"><div class=\"mtheme-post-like-wrap\"><div class=\"mtheme-post-like\"><div class=\"post-link-count-wrap\" data-count_id=\"3010\"><span class=\"post-like-count\">4<\/span><\/div><span class=\"vote-ready\" data-post_id=\"3010\">\n\t\t\t\t\t<span class=\"mtheme-like like-vote-icon like-notvoted animation-standby animated\"><i class=\"vote-like-icon ion-ios-heart-outline\"><\/i><\/span>\n\t\t\t\t\t<\/span><\/div><\/div><div class=\"gridblock-background-hover\"><a  class=\"gridblock-sole-link\" href=\"https:\/\/benbrenot.com\/en\/portfolios\/londres-2024\/\"><div class=\"gridblock-links-wrap box-title-box-directlink\"><\/div><div class=\"boxtitle-hover\"><div class=\"work-details\"><div class=\"worktype-categories\">Life scenes<\/div><h4>London (2024)<\/h4><p class=\"entry-content work-description\">Photo series of a weekend in London<\/p><\/div><\/div><\/a><\/div><img decoding=\"async\" src=\"https:\/\/benbrenot.com\/wp-content\/themes\/blacksilver\/images\/placeholders\/placeholder-770x770.gif\" data-src=\"https:\/\/benbrenot.com\/wp-content\/uploads\/2024\/08\/ZFC_9251-770x770.jpg\" alt=\"\" class=\"displayed-image lazyload\"\/><\/div><\/div><div class=\"gridblock-element grid-animate-display-all isotope-displayed gridblock-element-id-3652 gridblock-element-order-2  gridblock-filterable filter-35\" data-portfolio=\"portfolio-3652\" data-id=\"id-3\"><div class=\"gridblock-grid-element gridblock-element-inner\" data-portfolioid=\"3652\"><div class=\"mtheme-post-like-wrap\"><div class=\"mtheme-post-like\"><div class=\"post-link-count-wrap\" data-count_id=\"3652\"><span class=\"post-like-count\">6<\/span><\/div><span class=\"vote-ready\" data-post_id=\"3652\">\n\t\t\t\t\t<span class=\"mtheme-like like-vote-icon like-notvoted animation-standby animated\"><i class=\"vote-like-icon ion-ios-heart-outline\"><\/i><\/span>\n\t\t\t\t\t<\/span><\/div><\/div><div class=\"gridblock-background-hover\"><a  class=\"gridblock-sole-link\" href=\"https:\/\/benbrenot.com\/en\/portfolios\/bergere-berbere-de-chefchaouen\/\"><div class=\"gridblock-links-wrap box-title-box-directlink\"><\/div><div class=\"boxtitle-hover\"><div class=\"work-details\"><div class=\"worktype-categories\">Life scenes<\/div><h4>Berber Shepherdess of Chefchaouen<\/h4><p class=\"entry-content work-description\">Encounter in the alleys of Chefchaouen, Morocco<\/p><\/div><\/div><\/a><\/div><img decoding=\"async\" src=\"https:\/\/benbrenot.com\/wp-content\/themes\/blacksilver\/images\/placeholders\/placeholder-770x770.gif\" data-src=\"https:\/\/benbrenot.com\/wp-content\/uploads\/2024\/09\/IMG_9564-3-770x770.jpg\" alt=\"\" class=\"displayed-image lazyload\"\/><\/div><\/div><\/div><\/div>\t\t\t\t<\/div>\n\t\t\t\t<\/div>\n\t\t\t\t\t<\/div>\n\t\t<\/div>\n\t\t\t\t\t<\/div>\n\t\t<\/section>\n\t\t\t\t<section class=\"elementor-section elementor-top-section elementor-element elementor-element-c344d4f elementor-section-boxed elementor-section-height-default elementor-section-height-default\" data-id=\"c344d4f\" data-element_type=\"section\" data-e-type=\"section\">\n\t\t\t\t\t\t<div class=\"elementor-container elementor-column-gap-default\">\n\t\t\t\t\t<div class=\"elementor-column elementor-col-100 elementor-top-column elementor-element elementor-element-4faa9d2\" data-id=\"4faa9d2\" data-element_type=\"column\" data-e-type=\"column\">\n\t\t\t<div class=\"elementor-widget-wrap elementor-element-populated\">\n\t\t\t\t\t\t<div class=\"elementor-element elementor-element-c3a1bc9 section-align-center section-size-large subtitle-style-sidelines elementor-widget elementor-widget-section-heading\" data-id=\"c3a1bc9\" data-element_type=\"widget\" data-e-type=\"widget\" data-widget_type=\"section-heading.default\">\n\t\t\t\t<div class=\"elementor-widget-container\">\n\t\t\t\t\t<div class=\"section-heading headingstyle-subtitle\"><h5 class=\"entry-sub-title section-sub-title\">Do you like my work?<\/h5><div class=\"section-title-wrapper\"><h2 class=\"entry-title section-title\">Let's collaborate!<\/h2><\/div><div class=\"section-description clearfix\"><div class=\"section-description-inner\"><p>\ud83d\udccd Toulouse (France) &amp; away<\/p>\n<\/div><\/div><div class=\"section-button\"><a  href=\"https:\/\/benbrenot.com\/en\/contactez-moi\/\"><div class=\"mtheme-button\">Contact me<\/div><\/a><\/div><\/div>\t\t\t\t<\/div>\n\t\t\t\t<\/div>\n\t\t\t\t\t<\/div>\n\t\t<\/div>\n\t\t\t\t\t<\/div>\n\t\t<\/section>\n\t\t\t\t<\/div>","protected":false},"excerpt":{"rendered":"<p>Portfolio Sc\u00e8nes de vie Parcourez toutes mes photos de sc\u00e8nes de vie et d\u00e9couvrez les histoires derri\u00e8re chacune d&rsquo;entre elles 2 personnes aiment ce portfolio 7 Sc\u00e8nes de vie Oscar et son Solex Rencontre inattendue sur l&rsquo;Ile d&rsquo;Ol\u00e9ron pour des photos en Noir&#038;Blanc\u00a0 4Sc\u00e8nes de vie Londres (2024) S\u00e9rie photo d&rsquo;un weekend \u00e0 Londres 5Sc\u00e8nes de vie Berg\u00e8re Berb\u00e8re de Chefchaouen Rencontre dans les ruelles de Chefchaouen au Maroc Mon travail vous pla\u00eet ? Collaborons ensemble ! \ud83d\udccd Toulouse &amp; [&hellip;]<\/p>\n","protected":false},"author":1,"featured_media":2803,"parent":0,"menu_order":0,"comment_status":"closed","ping_status":"closed","template":"","meta":{"footnotes":""},"class_list":["post-3004","page","type-page","status-publish","has-post-thumbnail","hentry"],"yoast_head":"<!-- This site is optimized with the Yoast SEO plugin v27.4 - https:\/\/yoast.com\/product\/yoast-seo-wordpress\/ -->\n<title>Sc\u00e8nes de vie - Ben Brenot Photography<\/title>\n<meta name=\"robots\" content=\"index, follow, max-snippet:-1, max-image-preview:large, max-video-preview:-1\" \/>\n<link rel=\"canonical\" href=\"https:\/\/benbrenot.com\/en\/scenes-de-vie\/\" \/>\n<meta property=\"og:locale\" content=\"en_GB\" \/>\n<meta property=\"og:type\" content=\"article\" \/>\n<meta property=\"og:title\" content=\"Sc\u00e8nes de vie - Ben Brenot Photography\" \/>\n<meta property=\"og:description\" content=\"Portfolio Sc\u00e8nes de vie Parcourez toutes mes photos de sc\u00e8nes de vie et d\u00e9couvrez les histoires derri\u00e8re chacune d&rsquo;entre elles 2 personnes aiment ce portfolio 7 Sc\u00e8nes de vie Oscar et son Solex Rencontre inattendue sur l&rsquo;Ile d&rsquo;Ol\u00e9ron pour des photos en Noir&#038;Blanc\u00a0 4Sc\u00e8nes de vie Londres (2024) S\u00e9rie photo d&rsquo;un weekend \u00e0 Londres 5Sc\u00e8nes de vie Berg\u00e8re Berb\u00e8re de Chefchaouen Rencontre dans les ruelles de Chefchaouen au Maroc Mon travail vous pla\u00eet ? Collaborons ensemble ! \ud83d\udccd Toulouse &amp; [&hellip;]\" \/>\n<meta property=\"og:url\" content=\"https:\/\/benbrenot.com\/en\/scenes-de-vie\/\" \/>\n<meta property=\"og:site_name\" content=\"Ben Brenot Photography\" \/>\n<meta property=\"article:modified_time\" content=\"2025-11-10T11:00:03+00:00\" \/>\n<meta property=\"og:image\" content=\"https:\/\/benbrenot.com\/wp-content\/uploads\/2024\/08\/ZFC_9251-scaled.jpg\" \/>\n\t<meta property=\"og:image:width\" content=\"1920\" \/>\n\t<meta property=\"og:image:height\" content=\"1536\" \/>\n\t<meta property=\"og:image:type\" content=\"image\/jpeg\" \/>\n<meta name=\"twitter:card\" content=\"summary_large_image\" \/>\n<meta name=\"twitter:label1\" content=\"Estimated reading time\" \/>\n\t<meta name=\"twitter:data1\" content=\"2 minutes\" \/>\n<script type=\"application\/ld+json\" class=\"yoast-schema-graph\">{\"@context\":\"https:\\\/\\\/schema.org\",\"@graph\":[{\"@type\":\"WebPage\",\"@id\":\"https:\\\/\\\/benbrenot.com\\\/scenes-de-vie\\\/\",\"url\":\"https:\\\/\\\/benbrenot.com\\\/scenes-de-vie\\\/\",\"name\":\"Sc\u00e8nes de vie - Ben Brenot Photography\",\"isPartOf\":{\"@id\":\"https:\\\/\\\/benbrenot.com\\\/#website\"},\"primaryImageOfPage\":{\"@id\":\"https:\\\/\\\/benbrenot.com\\\/scenes-de-vie\\\/#primaryimage\"},\"image\":{\"@id\":\"https:\\\/\\\/benbrenot.com\\\/scenes-de-vie\\\/#primaryimage\"},\"thumbnailUrl\":\"https:\\\/\\\/benbrenot.com\\\/wp-content\\\/uploads\\\/2024\\\/08\\\/ZFC_9251-scaled.jpg\",\"datePublished\":\"2024-08-30T18:57:55+00:00\",\"dateModified\":\"2025-11-10T11:00:03+00:00\",\"breadcrumb\":{\"@id\":\"https:\\\/\\\/benbrenot.com\\\/scenes-de-vie\\\/#breadcrumb\"},\"inLanguage\":\"en-GB\",\"potentialAction\":[{\"@type\":\"ReadAction\",\"target\":[\"https:\\\/\\\/benbrenot.com\\\/scenes-de-vie\\\/\"]}]},{\"@type\":\"ImageObject\",\"inLanguage\":\"en-GB\",\"@id\":\"https:\\\/\\\/benbrenot.com\\\/scenes-de-vie\\\/#primaryimage\",\"url\":\"https:\\\/\\\/benbrenot.com\\\/wp-content\\\/uploads\\\/2024\\\/08\\\/ZFC_9251-scaled.jpg\",\"contentUrl\":\"https:\\\/\\\/benbrenot.com\\\/wp-content\\\/uploads\\\/2024\\\/08\\\/ZFC_9251-scaled.jpg\",\"width\":1920,\"height\":1536},{\"@type\":\"BreadcrumbList\",\"@id\":\"https:\\\/\\\/benbrenot.com\\\/scenes-de-vie\\\/#breadcrumb\",\"itemListElement\":[{\"@type\":\"ListItem\",\"position\":1,\"name\":\"Accueil\",\"item\":\"https:\\\/\\\/benbrenot.com\\\/\"},{\"@type\":\"ListItem\",\"position\":2,\"name\":\"Sc\u00e8nes de vie\"}]},{\"@type\":\"WebSite\",\"@id\":\"https:\\\/\\\/benbrenot.com\\\/#website\",\"url\":\"https:\\\/\\\/benbrenot.com\\\/\",\"name\":\"BENBRENOT\",\"description\":\"Explorer le monde + l&#039;humain\",\"publisher\":{\"@id\":\"https:\\\/\\\/benbrenot.com\\\/#\\\/schema\\\/person\\\/fc61c06c42e88a5246af9a7fe9843d22\"},\"potentialAction\":[{\"@type\":\"SearchAction\",\"target\":{\"@type\":\"EntryPoint\",\"urlTemplate\":\"https:\\\/\\\/benbrenot.com\\\/?s={search_term_string}\"},\"query-input\":{\"@type\":\"PropertyValueSpecification\",\"valueRequired\":true,\"valueName\":\"search_term_string\"}}],\"inLanguage\":\"en-GB\"},{\"@type\":[\"Person\",\"Organization\"],\"@id\":\"https:\\\/\\\/benbrenot.com\\\/#\\\/schema\\\/person\\\/fc61c06c42e88a5246af9a7fe9843d22\",\"name\":\"Ben\",\"image\":{\"@type\":\"ImageObject\",\"inLanguage\":\"en-GB\",\"@id\":\"https:\\\/\\\/i0.wp.com\\\/benbrenot.com\\\/wp-content\\\/uploads\\\/2024\\\/08\\\/OG-Cover.jpg?fit=1920%2C1080&ssl=1\",\"url\":\"https:\\\/\\\/i0.wp.com\\\/benbrenot.com\\\/wp-content\\\/uploads\\\/2024\\\/08\\\/OG-Cover.jpg?fit=1920%2C1080&ssl=1\",\"contentUrl\":\"https:\\\/\\\/i0.wp.com\\\/benbrenot.com\\\/wp-content\\\/uploads\\\/2024\\\/08\\\/OG-Cover.jpg?fit=1920%2C1080&ssl=1\",\"width\":1920,\"height\":1080,\"caption\":\"Ben\"},\"logo\":{\"@id\":\"https:\\\/\\\/i0.wp.com\\\/benbrenot.com\\\/wp-content\\\/uploads\\\/2024\\\/08\\\/OG-Cover.jpg?fit=1920%2C1080&ssl=1\"},\"sameAs\":[\"https:\\\/\\\/benbrenot.com\",\"https:\\\/\\\/www.instagram.com\\\/benbrenot\\\/\",\"https:\\\/\\\/www.linkedin.com\\\/in\\\/benjaminbrenot\\\/\"]}]}<\/script>\n<!-- \/ Yoast SEO plugin. -->","yoast_head_json":{"title":"Sc\u00e8nes de vie - Ben Brenot Photography","robots":{"index":"index","follow":"follow","max-snippet":"max-snippet:-1","max-image-preview":"max-image-preview:large","max-video-preview":"max-video-preview:-1"},"canonical":"https:\/\/benbrenot.com\/en\/scenes-de-vie\/","og_locale":"en_GB","og_type":"article","og_title":"Sc\u00e8nes de vie - Ben Brenot Photography","og_description":"Portfolio Sc\u00e8nes de vie Parcourez toutes mes photos de sc\u00e8nes de vie et d\u00e9couvrez les histoires derri\u00e8re chacune d&rsquo;entre elles 2 personnes aiment ce portfolio 7 Sc\u00e8nes de vie Oscar et son Solex Rencontre inattendue sur l&rsquo;Ile d&rsquo;Ol\u00e9ron pour des photos en Noir&#038;Blanc\u00a0 4Sc\u00e8nes de vie Londres (2024) S\u00e9rie photo d&rsquo;un weekend \u00e0 Londres 5Sc\u00e8nes de vie Berg\u00e8re Berb\u00e8re de Chefchaouen Rencontre dans les ruelles de Chefchaouen au Maroc Mon travail vous pla\u00eet ? Collaborons ensemble ! \ud83d\udccd Toulouse &amp; [&hellip;]","og_url":"https:\/\/benbrenot.com\/en\/scenes-de-vie\/","og_site_name":"Ben Brenot Photography","article_modified_time":"2025-11-10T11:00:03+00:00","og_image":[{"width":1920,"height":1536,"url":"https:\/\/benbrenot.com\/wp-content\/uploads\/2024\/08\/ZFC_9251-scaled.jpg","type":"image\/jpeg"}],"twitter_card":"summary_large_image","twitter_misc":{"Estimated reading time":"2 minutes"},"schema":{"@context":"https:\/\/schema.org","@graph":[{"@type":"WebPage","@id":"https:\/\/benbrenot.com\/scenes-de-vie\/","url":"https:\/\/benbrenot.com\/scenes-de-vie\/","name":"Sc\u00e8nes de vie - Ben Brenot Photography","isPartOf":{"@id":"https:\/\/benbrenot.com\/#website"},"primaryImageOfPage":{"@id":"https:\/\/benbrenot.com\/scenes-de-vie\/#primaryimage"},"image":{"@id":"https:\/\/benbrenot.com\/scenes-de-vie\/#primaryimage"},"thumbnailUrl":"https:\/\/benbrenot.com\/wp-content\/uploads\/2024\/08\/ZFC_9251-scaled.jpg","datePublished":"2024-08-30T18:57:55+00:00","dateModified":"2025-11-10T11:00:03+00:00","breadcrumb":{"@id":"https:\/\/benbrenot.com\/scenes-de-vie\/#breadcrumb"},"inLanguage":"en-GB","potentialAction":[{"@type":"ReadAction","target":["https:\/\/benbrenot.com\/scenes-de-vie\/"]}]},{"@type":"ImageObject","inLanguage":"en-GB","@id":"https:\/\/benbrenot.com\/scenes-de-vie\/#primaryimage","url":"https:\/\/benbrenot.com\/wp-content\/uploads\/2024\/08\/ZFC_9251-scaled.jpg","contentUrl":"https:\/\/benbrenot.com\/wp-content\/uploads\/2024\/08\/ZFC_9251-scaled.jpg","width":1920,"height":1536},{"@type":"BreadcrumbList","@id":"https:\/\/benbrenot.com\/scenes-de-vie\/#breadcrumb","itemListElement":[{"@type":"ListItem","position":1,"name":"Accueil","item":"https:\/\/benbrenot.com\/"},{"@type":"ListItem","position":2,"name":"Sc\u00e8nes de vie"}]},{"@type":"WebSite","@id":"https:\/\/benbrenot.com\/#website","url":"https:\/\/benbrenot.com\/","name":"BENBRENOT","description":"Explorer le monde + l&#039;humain","publisher":{"@id":"https:\/\/benbrenot.com\/#\/schema\/person\/fc61c06c42e88a5246af9a7fe9843d22"},"potentialAction":[{"@type":"SearchAction","target":{"@type":"EntryPoint","urlTemplate":"https:\/\/benbrenot.com\/?s={search_term_string}"},"query-input":{"@type":"PropertyValueSpecification","valueRequired":true,"valueName":"search_term_string"}}],"inLanguage":"en-GB"},{"@type":["Person","Organization"],"@id":"https:\/\/benbrenot.com\/#\/schema\/person\/fc61c06c42e88a5246af9a7fe9843d22","name":"Ben","image":{"@type":"ImageObject","inLanguage":"en-GB","@id":"https:\/\/i0.wp.com\/benbrenot.com\/wp-content\/uploads\/2024\/08\/OG-Cover.jpg?fit=1920%2C1080&ssl=1","url":"https:\/\/i0.wp.com\/benbrenot.com\/wp-content\/uploads\/2024\/08\/OG-Cover.jpg?fit=1920%2C1080&ssl=1","contentUrl":"https:\/\/i0.wp.com\/benbrenot.com\/wp-content\/uploads\/2024\/08\/OG-Cover.jpg?fit=1920%2C1080&ssl=1","width":1920,"height":1080,"caption":"Ben"},"logo":{"@id":"https:\/\/i0.wp.com\/benbrenot.com\/wp-content\/uploads\/2024\/08\/OG-Cover.jpg?fit=1920%2C1080&ssl=1"},"sameAs":["https:\/\/benbrenot.com","https:\/\/www.instagram.com\/benbrenot\/","https:\/\/www.linkedin.com\/in\/benjaminbrenot\/"]}]}},"_links":{"self":[{"href":"https:\/\/benbrenot.com\/en\/wp-json\/wp\/v2\/pages\/3004","targetHints":{"allow":["GET"]}}],"collection":[{"href":"https:\/\/benbrenot.com\/en\/wp-json\/wp\/v2\/pages"}],"about":[{"href":"https:\/\/benbrenot.com\/en\/wp-json\/wp\/v2\/types\/page"}],"author":[{"embeddable":true,"href":"https:\/\/benbrenot.com\/en\/wp-json\/wp\/v2\/users\/1"}],"replies":[{"embeddable":true,"href":"https:\/\/benbrenot.com\/en\/wp-json\/wp\/v2\/comments?post=3004"}],"version-history":[{"count":21,"href":"https:\/\/benbrenot.com\/en\/wp-json\/wp\/v2\/pages\/3004\/revisions"}],"predecessor-version":[{"id":7233,"href":"https:\/\/benbrenot.com\/en\/wp-json\/wp\/v2\/pages\/3004\/revisions\/7233"}],"wp:featuredmedia":[{"embeddable":true,"href":"https:\/\/benbrenot.com\/en\/wp-json\/wp\/v2\/media\/2803"}],"wp:attachment":[{"href":"https:\/\/benbrenot.com\/en\/wp-json\/wp\/v2\/media?parent=3004"}],"curies":[{"name":"wp","href":"https:\/\/api.w.org\/{rel}","templated":true}]}}