{"id":344,"date":"2018-07-21T16:37:15","date_gmt":"2018-07-21T16:37:15","guid":{"rendered":"http:\/\/192.168.1.3\/wp\/kordex\/?page_id=344"},"modified":"2025-11-10T11:59:46","modified_gmt":"2025-11-10T10:59:46","slug":"outdoor","status":"publish","type":"page","link":"https:\/\/benbrenot.com\/en\/outdoor\/","title":{"rendered":"Outdoors"},"content":{"rendered":"<div data-elementor-type=\"wp-post\" data-elementor-id=\"344\" class=\"elementor elementor-344\">\n\t\t\t\t\t\t<section class=\"elementor-section elementor-top-section elementor-element elementor-element-7f87d1a elementor-section-boxed elementor-section-height-default elementor-section-height-default\" data-id=\"7f87d1a\" data-element_type=\"section\" data-e-type=\"section\" data-settings=\"{&quot;background_background&quot;:&quot;classic&quot;}\">\n\t\t\t\t\t\t\t<div class=\"elementor-background-overlay\"><\/div>\n\t\t\t\t\t\t\t<div class=\"elementor-container elementor-column-gap-default\">\n\t\t\t\t\t<div class=\"elementor-column elementor-col-100 elementor-top-column elementor-element elementor-element-70b514b\" data-id=\"70b514b\" data-element_type=\"column\" data-e-type=\"column\">\n\t\t\t<div class=\"elementor-widget-wrap elementor-element-populated\">\n\t\t\t\t\t\t<div class=\"elementor-element elementor-element-bffbc77 section-align-left section-size-large subtitle-style-default elementor-widget elementor-widget-section-heading\" data-id=\"bffbc77\" data-element_type=\"widget\" data-e-type=\"widget\" data-widget_type=\"section-heading.default\">\n\t\t\t\t<div class=\"elementor-widget-container\">\n\t\t\t\t\t<div class=\"section-heading headingstyle-subtitle\"><h5 class=\"entry-sub-title section-sub-title\">Portfolio<\/h5><div class=\"section-title-wrapper\"><h2 class=\"entry-title section-title\">Outdoors<\/h2><\/div><div class=\"section-description clearfix\"><div class=\"section-description-inner\"><p>Browse all my outdoor photo adventures and discover the stories behind them<\/p>\n<\/div><\/div><\/div>\t\t\t\t<\/div>\n\t\t\t\t<\/div>\n\t\t\t\t\t<\/div>\n\t\t<\/div>\n\t\t\t\t\t<\/div>\n\t\t<\/section>\n\t\t<div class=\"elementor-element elementor-element-575d688e e-flex e-con-boxed e-con e-parent\" data-id=\"575d688e\" data-element_type=\"container\" data-e-type=\"container\">\n\t\t\t\t\t<div class=\"e-con-inner\">\n\t\t\t\t<div class=\"elementor-element elementor-element-317d2073 elementor-widget__width-auto elementor-widget elementor-widget-like-status\" data-id=\"317d2073\" data-element_type=\"widget\" data-e-type=\"widget\" data-widget_type=\"like-status.default\">\n\t\t\t\t<div class=\"elementor-widget-container\">\n\t\t\t\t\t<div class=\"like-status-container\"><div class=\"mtheme-post-like\"><div class=\"post-link-count-wrap\" data-count_id=\"344\"><span class=\"post-like-count\">6<\/span><\/div><span class=\"vote-ready\" data-post_id=\"344\">\n\t\t\t\t\t<span class=\"mtheme-like like-vote-icon like-notvoted animation-standby animated\"><i class=\"vote-like-icon ion-ios-heart-outline\"><\/i><\/span>\n\t\t\t\t\t<\/span><\/div><\/div>\t\t\t\t<\/div>\n\t\t\t\t<\/div>\n\t\t\t\t<div class=\"elementor-element elementor-element-7bad69a7 elementor-widget elementor-widget-heading\" data-id=\"7bad69a7\" data-element_type=\"widget\" data-e-type=\"widget\" data-widget_type=\"heading.default\">\n\t\t\t\t<div class=\"elementor-widget-container\">\n\t\t\t\t\t<h4 class=\"elementor-heading-title elementor-size-default\">personnes aiment ce portfolio<\/h4>\t\t\t\t<\/div>\n\t\t\t\t<\/div>\n\t\t\t\t\t<\/div>\n\t\t\t\t<\/div>\n\t\t\t\t<section class=\"elementor-section elementor-top-section elementor-element elementor-element-6d129f1 elementor-section-boxed elementor-section-height-default elementor-section-height-default\" data-id=\"6d129f1\" data-element_type=\"section\" data-e-type=\"section\">\n\t\t\t\t\t\t<div class=\"elementor-container elementor-column-gap-default\">\n\t\t\t\t\t<div class=\"elementor-column elementor-col-100 elementor-top-column elementor-element elementor-element-b0184d4\" data-id=\"b0184d4\" data-element_type=\"column\" data-e-type=\"column\">\n\t\t\t<div class=\"elementor-widget-wrap elementor-element-populated\">\n\t\t\t\t\t\t<div class=\"elementor-element elementor-element-10b547c section-align-left elementor-widget elementor-widget-portfolio-grid\" data-id=\"10b547c\" data-element_type=\"widget\" data-e-type=\"widget\" data-widget_type=\"portfolio-grid.default\">\n\t\t\t\t<div class=\"elementor-widget-container\">\n\t\t\t\t\t<div class=\"portfolio-grid-container lightgallery-container portfolio-gridblock-columns-wrap\"><div id=\"gridblock-container\" class=\"portfolio-gutter-nospace thumnails-gutter-active    boxtitle-active has-effect-none grid-style-wall-grid gridblock-three clearfix\" data-columns=\"3\"><div class=\"gridblock-element grid-animate-display-all isotope-displayed gridblock-element-id-3659 gridblock-element-order-1  gridblock-filterable filter-32\" data-portfolio=\"portfolio-3659\" data-id=\"id-2\"><div class=\"gridblock-grid-element gridblock-element-inner\" data-portfolioid=\"3659\"><div class=\"mtheme-post-like-wrap\"><div class=\"mtheme-post-like\"><div class=\"post-link-count-wrap\" data-count_id=\"3659\"><span class=\"post-like-count\">10<\/span><\/div><span class=\"vote-ready\" data-post_id=\"3659\">\n\t\t\t\t\t<span class=\"mtheme-like like-vote-icon like-notvoted animation-standby animated\"><i class=\"vote-like-icon ion-ios-heart-outline\"><\/i><\/span>\n\t\t\t\t\t<\/span><\/div><\/div><div class=\"gridblock-background-hover\"><a  class=\"gridblock-sole-link\" href=\"https:\/\/benbrenot.com\/en\/portfolios\/lever-de-soleil-au-refuge-du-pinet\/\"><div class=\"gridblock-links-wrap box-title-box-directlink\"><\/div><div class=\"boxtitle-hover\"><div class=\"work-details\"><div class=\"worktype-categories\">Outdoors<\/div><h4>Sunrise at the Pinet Refuge<\/h4><p class=\"entry-content work-description\">Who does not rise with the sun does not enjoy the day<\/p><\/div><\/div><\/a><\/div><img decoding=\"async\" src=\"https:\/\/benbrenot.com\/wp-content\/themes\/blacksilver\/images\/placeholders\/placeholder-770x770.gif\" data-src=\"https:\/\/benbrenot.com\/wp-content\/uploads\/2024\/09\/ZFC_3668-770x770.jpg\" alt=\"\" class=\"displayed-image lazyload\"\/><\/div><\/div><div class=\"gridblock-element grid-animate-display-all isotope-displayed gridblock-element-id-178 gridblock-element-order-2  gridblock-filterable filter-32\" data-portfolio=\"portfolio-178\" data-id=\"id-3\"><div class=\"gridblock-grid-element gridblock-element-inner\" data-portfolioid=\"178\"><div class=\"mtheme-post-like-wrap\"><div class=\"mtheme-post-like\"><div class=\"post-link-count-wrap\" data-count_id=\"178\"><span class=\"post-like-count\">13<\/span><\/div><span class=\"vote-ready\" data-post_id=\"178\">\n\t\t\t\t\t<span class=\"mtheme-like like-vote-icon like-notvoted animation-standby animated\"><i class=\"vote-like-icon ion-ios-heart-outline\"><\/i><\/span>\n\t\t\t\t\t<\/span><\/div><\/div><div class=\"gridblock-background-hover\"><a  class=\"gridblock-sole-link\" href=\"https:\/\/benbrenot.com\/en\/portfolios\/vignemale-2023\/\"><div class=\"gridblock-links-wrap box-title-box-directlink\"><\/div><div class=\"boxtitle-hover\"><div class=\"work-details\"><div class=\"worktype-categories\">Outdoors<\/div><h4>Vignemale (2023)<\/h4><p class=\"entry-content work-description\">Photo series of a trek in the Vignemale massif<\/p><\/div><\/div><\/a><\/div><img decoding=\"async\" src=\"https:\/\/benbrenot.com\/wp-content\/themes\/blacksilver\/images\/placeholders\/placeholder-770x770.gif\" data-src=\"https:\/\/benbrenot.com\/wp-content\/uploads\/2018\/07\/ZFC_4022-2-770x770.jpg\" alt=\"\" class=\"displayed-image lazyload\"\/><\/div><\/div><\/div><\/div>\t\t\t\t<\/div>\n\t\t\t\t<\/div>\n\t\t\t\t\t<\/div>\n\t\t<\/div>\n\t\t\t\t\t<\/div>\n\t\t<\/section>\n\t\t\t\t<section class=\"elementor-section elementor-top-section elementor-element elementor-element-19abb03 elementor-section-boxed elementor-section-height-default elementor-section-height-default\" data-id=\"19abb03\" data-element_type=\"section\" data-e-type=\"section\">\n\t\t\t\t\t\t<div class=\"elementor-container elementor-column-gap-default\">\n\t\t\t\t\t<div class=\"elementor-column elementor-col-100 elementor-top-column elementor-element elementor-element-0cbcca5\" data-id=\"0cbcca5\" data-element_type=\"column\" data-e-type=\"column\">\n\t\t\t<div class=\"elementor-widget-wrap elementor-element-populated\">\n\t\t\t\t\t\t<div class=\"elementor-element elementor-element-1f0dae1 section-align-center section-size-large subtitle-style-sidelines elementor-widget elementor-widget-section-heading\" data-id=\"1f0dae1\" data-element_type=\"widget\" data-e-type=\"widget\" data-widget_type=\"section-heading.default\">\n\t\t\t\t<div class=\"elementor-widget-container\">\n\t\t\t\t\t<div class=\"section-heading headingstyle-subtitle\"><h5 class=\"entry-sub-title section-sub-title\">Do you like my work?<\/h5><div class=\"section-title-wrapper\"><h2 class=\"entry-title section-title\">Let's collaborate!<\/h2><\/div><div class=\"section-description clearfix\"><div class=\"section-description-inner\"><p>\ud83d\udccd Toulouse (France) &amp; away<\/p>\n<\/div><\/div><div class=\"section-button\"><a  href=\"https:\/\/benbrenot.com\/en\/contactez-moi\/\"><div class=\"mtheme-button\">Contact me<\/div><\/a><\/div><\/div>\t\t\t\t<\/div>\n\t\t\t\t<\/div>\n\t\t\t\t\t<\/div>\n\t\t<\/div>\n\t\t\t\t\t<\/div>\n\t\t<\/section>\n\t\t\t\t<\/div>","protected":false},"excerpt":{"rendered":"<p>Portfolio Outdoor Parcourez toutes mes aventures photo outdoor et d\u00e9couvrez les histoires derri\u00e8re chacune d&rsquo;entre elles 6 personnes aiment ce portfolio 9Outdoor Lever de soleil au refuge du Pinet Celui qui ne se l\u00e8ve pas avec le soleil ne jouit pas de la journ\u00e9e 12 Outdoor Vignemale (2023) S\u00e9rie photo d&rsquo;un trek dans le massif du Vignemale Mon travail vous pla\u00eet ? Collaborons ensemble ! \ud83d\udccd Toulouse &amp; d\u00e9placements possibles Me contacter<\/p>","protected":false},"author":1,"featured_media":2802,"parent":0,"menu_order":0,"comment_status":"closed","ping_status":"closed","template":"","meta":{"footnotes":""},"class_list":["post-344","page","type-page","status-publish","has-post-thumbnail","hentry"],"yoast_head":"<!-- This site is optimized with the Yoast SEO plugin v27.4 - https:\/\/yoast.com\/product\/yoast-seo-wordpress\/ -->\n<title>Outdoor - Ben Brenot Photography<\/title>\n<meta name=\"robots\" content=\"index, follow, max-snippet:-1, max-image-preview:large, max-video-preview:-1\" \/>\n<link rel=\"canonical\" href=\"https:\/\/benbrenot.com\/en\/outdoor\/\" \/>\n<meta property=\"og:locale\" content=\"en_GB\" \/>\n<meta property=\"og:type\" content=\"article\" \/>\n<meta property=\"og:title\" content=\"Outdoor - Ben Brenot Photography\" \/>\n<meta property=\"og:description\" content=\"Portfolio Outdoor Parcourez toutes mes aventures photo outdoor et d\u00e9couvrez les histoires derri\u00e8re chacune d&rsquo;entre elles 6 personnes aiment ce portfolio 9Outdoor Lever de soleil au refuge du Pinet Celui qui ne se l\u00e8ve pas avec le soleil ne jouit pas de la journ\u00e9e 12 Outdoor Vignemale (2023) S\u00e9rie photo d&rsquo;un trek dans le massif du Vignemale Mon travail vous pla\u00eet ? Collaborons ensemble ! \ud83d\udccd Toulouse &amp; d\u00e9placements possibles Me contacter\" \/>\n<meta property=\"og:url\" content=\"https:\/\/benbrenot.com\/en\/outdoor\/\" \/>\n<meta property=\"og:site_name\" content=\"Ben Brenot Photography\" \/>\n<meta property=\"article:modified_time\" content=\"2025-11-10T10:59:46+00:00\" \/>\n<meta property=\"og:image\" content=\"https:\/\/benbrenot.com\/wp-content\/uploads\/2024\/08\/MG_5627-Enhanced-NR.jpg\" \/>\n\t<meta property=\"og:image:width\" content=\"1536\" \/>\n\t<meta property=\"og:image:height\" content=\"1920\" \/>\n\t<meta property=\"og:image:type\" content=\"image\/jpeg\" \/>\n<meta name=\"twitter:card\" content=\"summary_large_image\" \/>\n<meta name=\"twitter:label1\" content=\"Estimated reading time\" \/>\n\t<meta name=\"twitter:data1\" content=\"1 minute\" \/>\n<script type=\"application\/ld+json\" class=\"yoast-schema-graph\">{\"@context\":\"https:\\\/\\\/schema.org\",\"@graph\":[{\"@type\":\"WebPage\",\"@id\":\"https:\\\/\\\/benbrenot.com\\\/outdoor\\\/\",\"url\":\"https:\\\/\\\/benbrenot.com\\\/outdoor\\\/\",\"name\":\"Outdoor - Ben Brenot Photography\",\"isPartOf\":{\"@id\":\"https:\\\/\\\/benbrenot.com\\\/#website\"},\"primaryImageOfPage\":{\"@id\":\"https:\\\/\\\/benbrenot.com\\\/outdoor\\\/#primaryimage\"},\"image\":{\"@id\":\"https:\\\/\\\/benbrenot.com\\\/outdoor\\\/#primaryimage\"},\"thumbnailUrl\":\"https:\\\/\\\/benbrenot.com\\\/wp-content\\\/uploads\\\/2024\\\/08\\\/MG_5627-Enhanced-NR.jpg\",\"datePublished\":\"2018-07-21T16:37:15+00:00\",\"dateModified\":\"2025-11-10T10:59:46+00:00\",\"breadcrumb\":{\"@id\":\"https:\\\/\\\/benbrenot.com\\\/outdoor\\\/#breadcrumb\"},\"inLanguage\":\"en-GB\",\"potentialAction\":[{\"@type\":\"ReadAction\",\"target\":[\"https:\\\/\\\/benbrenot.com\\\/outdoor\\\/\"]}]},{\"@type\":\"ImageObject\",\"inLanguage\":\"en-GB\",\"@id\":\"https:\\\/\\\/benbrenot.com\\\/outdoor\\\/#primaryimage\",\"url\":\"https:\\\/\\\/benbrenot.com\\\/wp-content\\\/uploads\\\/2024\\\/08\\\/MG_5627-Enhanced-NR.jpg\",\"contentUrl\":\"https:\\\/\\\/benbrenot.com\\\/wp-content\\\/uploads\\\/2024\\\/08\\\/MG_5627-Enhanced-NR.jpg\",\"width\":1536,\"height\":1920},{\"@type\":\"BreadcrumbList\",\"@id\":\"https:\\\/\\\/benbrenot.com\\\/outdoor\\\/#breadcrumb\",\"itemListElement\":[{\"@type\":\"ListItem\",\"position\":1,\"name\":\"Accueil\",\"item\":\"https:\\\/\\\/benbrenot.com\\\/\"},{\"@type\":\"ListItem\",\"position\":2,\"name\":\"Outdoor\"}]},{\"@type\":\"WebSite\",\"@id\":\"https:\\\/\\\/benbrenot.com\\\/#website\",\"url\":\"https:\\\/\\\/benbrenot.com\\\/\",\"name\":\"BENBRENOT\",\"description\":\"Explorer le monde + l&#039;humain\",\"publisher\":{\"@id\":\"https:\\\/\\\/benbrenot.com\\\/#\\\/schema\\\/person\\\/fc61c06c42e88a5246af9a7fe9843d22\"},\"potentialAction\":[{\"@type\":\"SearchAction\",\"target\":{\"@type\":\"EntryPoint\",\"urlTemplate\":\"https:\\\/\\\/benbrenot.com\\\/?s={search_term_string}\"},\"query-input\":{\"@type\":\"PropertyValueSpecification\",\"valueRequired\":true,\"valueName\":\"search_term_string\"}}],\"inLanguage\":\"en-GB\"},{\"@type\":[\"Person\",\"Organization\"],\"@id\":\"https:\\\/\\\/benbrenot.com\\\/#\\\/schema\\\/person\\\/fc61c06c42e88a5246af9a7fe9843d22\",\"name\":\"Ben\",\"image\":{\"@type\":\"ImageObject\",\"inLanguage\":\"en-GB\",\"@id\":\"https:\\\/\\\/i0.wp.com\\\/benbrenot.com\\\/wp-content\\\/uploads\\\/2024\\\/08\\\/OG-Cover.jpg?fit=1920%2C1080&ssl=1\",\"url\":\"https:\\\/\\\/i0.wp.com\\\/benbrenot.com\\\/wp-content\\\/uploads\\\/2024\\\/08\\\/OG-Cover.jpg?fit=1920%2C1080&ssl=1\",\"contentUrl\":\"https:\\\/\\\/i0.wp.com\\\/benbrenot.com\\\/wp-content\\\/uploads\\\/2024\\\/08\\\/OG-Cover.jpg?fit=1920%2C1080&ssl=1\",\"width\":1920,\"height\":1080,\"caption\":\"Ben\"},\"logo\":{\"@id\":\"https:\\\/\\\/i0.wp.com\\\/benbrenot.com\\\/wp-content\\\/uploads\\\/2024\\\/08\\\/OG-Cover.jpg?fit=1920%2C1080&ssl=1\"},\"sameAs\":[\"https:\\\/\\\/benbrenot.com\",\"https:\\\/\\\/www.instagram.com\\\/benbrenot\\\/\",\"https:\\\/\\\/www.linkedin.com\\\/in\\\/benjaminbrenot\\\/\"]}]}<\/script>\n<!-- \/ Yoast SEO plugin. -->","yoast_head_json":{"title":"Outdoor - Ben Brenot Photography","robots":{"index":"index","follow":"follow","max-snippet":"max-snippet:-1","max-image-preview":"max-image-preview:large","max-video-preview":"max-video-preview:-1"},"canonical":"https:\/\/benbrenot.com\/en\/outdoor\/","og_locale":"en_GB","og_type":"article","og_title":"Outdoor - Ben Brenot Photography","og_description":"Portfolio Outdoor Parcourez toutes mes aventures photo outdoor et d\u00e9couvrez les histoires derri\u00e8re chacune d&rsquo;entre elles 6 personnes aiment ce portfolio 9Outdoor Lever de soleil au refuge du Pinet Celui qui ne se l\u00e8ve pas avec le soleil ne jouit pas de la journ\u00e9e 12 Outdoor Vignemale (2023) S\u00e9rie photo d&rsquo;un trek dans le massif du Vignemale Mon travail vous pla\u00eet ? Collaborons ensemble ! \ud83d\udccd Toulouse &amp; d\u00e9placements possibles Me contacter","og_url":"https:\/\/benbrenot.com\/en\/outdoor\/","og_site_name":"Ben Brenot Photography","article_modified_time":"2025-11-10T10:59:46+00:00","og_image":[{"width":1536,"height":1920,"url":"https:\/\/benbrenot.com\/wp-content\/uploads\/2024\/08\/MG_5627-Enhanced-NR.jpg","type":"image\/jpeg"}],"twitter_card":"summary_large_image","twitter_misc":{"Estimated reading time":"1 minute"},"schema":{"@context":"https:\/\/schema.org","@graph":[{"@type":"WebPage","@id":"https:\/\/benbrenot.com\/outdoor\/","url":"https:\/\/benbrenot.com\/outdoor\/","name":"Outdoor - Ben Brenot Photography","isPartOf":{"@id":"https:\/\/benbrenot.com\/#website"},"primaryImageOfPage":{"@id":"https:\/\/benbrenot.com\/outdoor\/#primaryimage"},"image":{"@id":"https:\/\/benbrenot.com\/outdoor\/#primaryimage"},"thumbnailUrl":"https:\/\/benbrenot.com\/wp-content\/uploads\/2024\/08\/MG_5627-Enhanced-NR.jpg","datePublished":"2018-07-21T16:37:15+00:00","dateModified":"2025-11-10T10:59:46+00:00","breadcrumb":{"@id":"https:\/\/benbrenot.com\/outdoor\/#breadcrumb"},"inLanguage":"en-GB","potentialAction":[{"@type":"ReadAction","target":["https:\/\/benbrenot.com\/outdoor\/"]}]},{"@type":"ImageObject","inLanguage":"en-GB","@id":"https:\/\/benbrenot.com\/outdoor\/#primaryimage","url":"https:\/\/benbrenot.com\/wp-content\/uploads\/2024\/08\/MG_5627-Enhanced-NR.jpg","contentUrl":"https:\/\/benbrenot.com\/wp-content\/uploads\/2024\/08\/MG_5627-Enhanced-NR.jpg","width":1536,"height":1920},{"@type":"BreadcrumbList","@id":"https:\/\/benbrenot.com\/outdoor\/#breadcrumb","itemListElement":[{"@type":"ListItem","position":1,"name":"Accueil","item":"https:\/\/benbrenot.com\/"},{"@type":"ListItem","position":2,"name":"Outdoor"}]},{"@type":"WebSite","@id":"https:\/\/benbrenot.com\/#website","url":"https:\/\/benbrenot.com\/","name":"BENBRENOT","description":"Explorer le monde + l&#039;humain","publisher":{"@id":"https:\/\/benbrenot.com\/#\/schema\/person\/fc61c06c42e88a5246af9a7fe9843d22"},"potentialAction":[{"@type":"SearchAction","target":{"@type":"EntryPoint","urlTemplate":"https:\/\/benbrenot.com\/?s={search_term_string}"},"query-input":{"@type":"PropertyValueSpecification","valueRequired":true,"valueName":"search_term_string"}}],"inLanguage":"en-GB"},{"@type":["Person","Organization"],"@id":"https:\/\/benbrenot.com\/#\/schema\/person\/fc61c06c42e88a5246af9a7fe9843d22","name":"Ben","image":{"@type":"ImageObject","inLanguage":"en-GB","@id":"https:\/\/i0.wp.com\/benbrenot.com\/wp-content\/uploads\/2024\/08\/OG-Cover.jpg?fit=1920%2C1080&ssl=1","url":"https:\/\/i0.wp.com\/benbrenot.com\/wp-content\/uploads\/2024\/08\/OG-Cover.jpg?fit=1920%2C1080&ssl=1","contentUrl":"https:\/\/i0.wp.com\/benbrenot.com\/wp-content\/uploads\/2024\/08\/OG-Cover.jpg?fit=1920%2C1080&ssl=1","width":1920,"height":1080,"caption":"Ben"},"logo":{"@id":"https:\/\/i0.wp.com\/benbrenot.com\/wp-content\/uploads\/2024\/08\/OG-Cover.jpg?fit=1920%2C1080&ssl=1"},"sameAs":["https:\/\/benbrenot.com","https:\/\/www.instagram.com\/benbrenot\/","https:\/\/www.linkedin.com\/in\/benjaminbrenot\/"]}]}},"_links":{"self":[{"href":"https:\/\/benbrenot.com\/en\/wp-json\/wp\/v2\/pages\/344","targetHints":{"allow":["GET"]}}],"collection":[{"href":"https:\/\/benbrenot.com\/en\/wp-json\/wp\/v2\/pages"}],"about":[{"href":"https:\/\/benbrenot.com\/en\/wp-json\/wp\/v2\/types\/page"}],"author":[{"embeddable":true,"href":"https:\/\/benbrenot.com\/en\/wp-json\/wp\/v2\/users\/1"}],"replies":[{"embeddable":true,"href":"https:\/\/benbrenot.com\/en\/wp-json\/wp\/v2\/comments?post=344"}],"version-history":[{"count":18,"href":"https:\/\/benbrenot.com\/en\/wp-json\/wp\/v2\/pages\/344\/revisions"}],"predecessor-version":[{"id":7227,"href":"https:\/\/benbrenot.com\/en\/wp-json\/wp\/v2\/pages\/344\/revisions\/7227"}],"wp:featuredmedia":[{"embeddable":true,"href":"https:\/\/benbrenot.com\/en\/wp-json\/wp\/v2\/media\/2802"}],"wp:attachment":[{"href":"https:\/\/benbrenot.com\/en\/wp-json\/wp\/v2\/media?parent=344"}],"curies":[{"name":"wp","href":"https:\/\/api.w.org\/{rel}","templated":true}]}}