{"id":3505,"date":"2024-08-31T23:26:37","date_gmt":"2024-08-31T22:26:37","guid":{"rendered":"https:\/\/benbrenot.com\/?page_id=3505"},"modified":"2026-01-03T19:31:48","modified_gmt":"2026-01-03T18:31:48","slug":"home","status":"publish","type":"page","link":"https:\/\/benbrenot.com\/en\/","title":{"rendered":"Home"},"content":{"rendered":"\t\t<div data-elementor-type=\"wp-page\" data-elementor-id=\"3505\" class=\"elementor elementor-3505\">\n\t\t\t\t\t\t<section class=\"elementor-section elementor-top-section elementor-element elementor-element-ee8016a elementor-section-full_width elementor-section-height-full elementor-section-height-default elementor-section-items-middle\" data-id=\"ee8016a\" data-element_type=\"section\" data-e-type=\"section\" data-settings=\"{&quot;background_background&quot;:&quot;slideshow&quot;,&quot;background_slideshow_gallery&quot;:[{&quot;id&quot;:7043,&quot;url&quot;:&quot;https:\\\/\\\/benbrenot.com\\\/wp-content\\\/uploads\\\/2025\\\/11\\\/BEN_4806-Enhanced-NR.jpg&quot;},{&quot;id&quot;:84,&quot;url&quot;:&quot;https:\\\/\\\/benbrenot.com\\\/wp-content\\\/uploads\\\/2024\\\/08\\\/ZFC_1155-Enhanced-NR-scaled.webp&quot;},{&quot;id&quot;:7068,&quot;url&quot;:&quot;https:\\\/\\\/benbrenot.com\\\/wp-content\\\/uploads\\\/2025\\\/11\\\/BEN_7232-Enhanced-NR.jpg&quot;},{&quot;id&quot;:7042,&quot;url&quot;:&quot;https:\\\/\\\/benbrenot.com\\\/wp-content\\\/uploads\\\/2025\\\/11\\\/BEN_4620-Enhanced-NR.jpg&quot;},{&quot;id&quot;:5587,&quot;url&quot;:&quot;https:\\\/\\\/benbrenot.com\\\/wp-content\\\/uploads\\\/2025\\\/03\\\/DSC_0481.jpg&quot;},{&quot;id&quot;:4187,&quot;url&quot;:&quot;https:\\\/\\\/benbrenot.com\\\/wp-content\\\/uploads\\\/2024\\\/09\\\/DSC_0688-Enhanced-NR.jpg&quot;},{&quot;id&quot;:3246,&quot;url&quot;:&quot;https:\\\/\\\/benbrenot.com\\\/wp-content\\\/uploads\\\/2024\\\/08\\\/ZFC_0226-Enhanced-NR-scaled.jpg&quot;},{&quot;id&quot;:2803,&quot;url&quot;:&quot;https:\\\/\\\/benbrenot.com\\\/wp-content\\\/uploads\\\/2024\\\/08\\\/ZFC_9251-scaled.jpg&quot;}],&quot;background_slideshow_transition_duration&quot;:300,&quot;background_slideshow_slide_duration&quot;:2500,&quot;background_slideshow_slide_transition&quot;:&quot;slide_left&quot;,&quot;background_slideshow_loop&quot;:&quot;yes&quot;}\">\n\t\t\t\t\t\t\t<div class=\"elementor-background-overlay\"><\/div>\n\t\t\t\t\t\t\t<div class=\"elementor-container elementor-column-gap-default\">\n\t\t\t\t\t<div class=\"elementor-column elementor-col-100 elementor-top-column elementor-element elementor-element-6a3e1dc8\" data-id=\"6a3e1dc8\" data-element_type=\"column\" data-e-type=\"column\">\n\t\t\t<div class=\"elementor-widget-wrap elementor-element-populated\">\n\t\t\t\t\t\t<div class=\"elementor-element elementor-element-0a9bcea elementor-widget elementor-widget-heading\" data-id=\"0a9bcea\" data-element_type=\"widget\" data-e-type=\"widget\" data-widget_type=\"heading.default\">\n\t\t\t\t<div class=\"elementor-widget-container\">\n\t\t\t\t\t<h1 class=\"elementor-heading-title elementor-size-default\">Photographie inspir\u00e9e par l\u2019humain et l\u2019aventure.<\/h1>\t\t\t\t<\/div>\n\t\t\t\t<\/div>\n\t\t\t\t<div class=\"elementor-element elementor-element-a04e09e elementor-align-left elementor-tablet-align-left elementor-widget elementor-widget-button\" data-id=\"a04e09e\" data-element_type=\"widget\" data-e-type=\"widget\" data-widget_type=\"button.default\">\n\t\t\t\t<div class=\"elementor-widget-container\">\n\t\t\t\t\t\t\t\t\t<div class=\"elementor-button-wrapper\">\n\t\t\t\t\t<a class=\"elementor-button elementor-button-link elementor-size-sm\" href=\"\/galerie\">\n\t\t\t\t\t\t<span class=\"elementor-button-content-wrapper\">\n\t\t\t\t\t\t\t\t\t<span class=\"elementor-button-text\">Voir ma galerie<\/span>\n\t\t\t\t\t<\/span>\n\t\t\t\t\t<\/a>\n\t\t\t\t<\/div>\n\t\t\t\t\t\t\t\t<\/div>\n\t\t\t\t<\/div>\n\t\t\t\t<div class=\"elementor-element elementor-element-fb1a14c elementor-view-default elementor-widget elementor-widget-icon\" data-id=\"fb1a14c\" data-element_type=\"widget\" data-e-type=\"widget\" data-widget_type=\"icon.default\">\n\t\t\t\t<div class=\"elementor-widget-container\">\n\t\t\t\t\t\t\t<div class=\"elementor-icon-wrapper\">\n\t\t\t<div class=\"elementor-icon\">\n\t\t\t<svg aria-hidden=\"true\" class=\"e-font-icon-svg e-fas-chevron-down\" viewBox=\"0 0 448 512\" xmlns=\"http:\/\/www.w3.org\/2000\/svg\"><path d=\"M207.029 381.476L12.686 187.132c-9.373-9.373-9.373-24.569 0-33.941l22.667-22.667c9.357-9.357 24.522-9.375 33.901-.04L224 284.505l154.745-154.021c9.379-9.335 24.544-9.317 33.901.04l22.667 22.667c9.373 9.373 9.373 24.569 0 33.941L240.971 381.476c-9.373 9.372-24.569 9.372-33.942 0z\"><\/path><\/svg>\t\t\t<\/div>\n\t\t<\/div>\n\t\t\t\t\t\t<\/div>\n\t\t\t\t<\/div>\n\t\t\t\t\t<\/div>\n\t\t<\/div>\n\t\t\t\t\t<\/div>\n\t\t<\/section>\n\t\t\t\t<section class=\"elementor-section elementor-top-section elementor-element elementor-element-bc18c95 elementor-section-full_width elementor-section-height-default elementor-section-height-default\" data-id=\"bc18c95\" data-element_type=\"section\" data-e-type=\"section\" data-settings=\"{&quot;background_background&quot;:&quot;gradient&quot;}\">\n\t\t\t\t\t\t<div class=\"elementor-container elementor-column-gap-no\">\n\t\t\t\t\t<div class=\"elementor-column elementor-col-50 elementor-top-column elementor-element elementor-element-fbf617e\" data-id=\"fbf617e\" data-element_type=\"column\" data-e-type=\"column\" data-settings=\"{&quot;background_background&quot;:&quot;classic&quot;}\">\n\t\t\t<div class=\"elementor-widget-wrap elementor-element-populated\">\n\t\t\t\t\t\t<div class=\"elementor-element elementor-element-aeb30dd elementor-widget elementor-widget-spacer\" data-id=\"aeb30dd\" data-element_type=\"widget\" data-e-type=\"widget\" data-widget_type=\"spacer.default\">\n\t\t\t\t<div class=\"elementor-widget-container\">\n\t\t\t\t\t\t\t<div class=\"elementor-spacer\">\n\t\t\t<div class=\"elementor-spacer-inner\"><\/div>\n\t\t<\/div>\n\t\t\t\t\t\t<\/div>\n\t\t\t\t<\/div>\n\t\t\t\t\t<\/div>\n\t\t<\/div>\n\t\t\t\t<div class=\"elementor-column elementor-col-50 elementor-top-column elementor-element elementor-element-11fa808\" data-id=\"11fa808\" data-element_type=\"column\" data-e-type=\"column\" data-settings=\"{&quot;background_background&quot;:&quot;classic&quot;}\">\n\t\t\t<div class=\"elementor-widget-wrap elementor-element-populated\">\n\t\t\t\t\t\t<div class=\"elementor-element elementor-element-a36a73e elementor-widget elementor-widget-heading\" data-id=\"a36a73e\" data-element_type=\"widget\" data-e-type=\"widget\" data-widget_type=\"heading.default\">\n\t\t\t\t<div class=\"elementor-widget-container\">\n\t\t\t\t\t<h2 class=\"elementor-heading-title elementor-size-default\">Moi c'est Benjamin !<\/h2>\t\t\t\t<\/div>\n\t\t\t\t<\/div>\n\t\t\t\t<div class=\"elementor-element elementor-element-dbef9b7 elementor-widget elementor-widget-text-editor\" data-id=\"dbef9b7\" data-element_type=\"widget\" data-e-type=\"widget\" data-widget_type=\"text-editor.default\">\n\t\t\t\t<div class=\"elementor-widget-container\">\n\t\t\t\t\t\t\t\t\t<p><span style=\"font-size: 16px; letter-spacing: 0px;\">\ud83d\udccd Toulouse, France.<\/span><\/p><p><span style=\"font-size: 16px; letter-spacing: 0px;\">\u00a0\ud83d\udcf7 Photographe Outdoor | Voyage | Lifestyle.<\/span><\/p><p>Mon approche repose sur <b>la documentation du r\u00e9el et la capture d\u2019instants forts<\/b>, nourries par la relation de confiance et l\u2019\u00e9change qui s\u2019installent lors d\u2019un shooting.<\/p><p>Mon travail de <b>visual storyteller<\/b> consiste \u00e0 <b>faire \u00e9merger des \u00e9motions imm\u00e9diates<\/b>, susciter l\u2019admiration, \u00e9veiller la curiosit\u00e9, cr\u00e9er l\u2019envie, retranscrire l\u2019\u00e9nergie des personnes et des lieux que je photographie.<\/p><p><b>Chaque projet est pens\u00e9 comme un r\u00e9cit visuel coh\u00e9rent, authentique et impactant.<\/b><\/p>\t\t\t\t\t\t\t\t<\/div>\n\t\t\t\t<\/div>\n\t\t\t\t<div class=\"elementor-element elementor-element-9b81501 elementor-align-justify elementor-tablet-align-left elementor-mobile-align-left elementor-widget elementor-widget-button\" data-id=\"9b81501\" data-element_type=\"widget\" data-e-type=\"widget\" data-widget_type=\"button.default\">\n\t\t\t\t<div class=\"elementor-widget-container\">\n\t\t\t\t\t\t\t\t\t<div class=\"elementor-button-wrapper\">\n\t\t\t\t\t<a class=\"elementor-button elementor-button-link elementor-size-sm\" href=\"\/a-propos\">\n\t\t\t\t\t\t<span class=\"elementor-button-content-wrapper\">\n\t\t\t\t\t\t\t\t\t<span class=\"elementor-button-text\">En savoir plus<\/span>\n\t\t\t\t\t<\/span>\n\t\t\t\t\t<\/a>\n\t\t\t\t<\/div>\n\t\t\t\t\t\t\t\t<\/div>\n\t\t\t\t<\/div>\n\t\t\t\t<div class=\"elementor-element elementor-element-4c90546 elementor-shape-rounded elementor-grid-0 e-grid-align-center elementor-widget elementor-widget-social-icons\" data-id=\"4c90546\" data-element_type=\"widget\" data-e-type=\"widget\" data-widget_type=\"social-icons.default\">\n\t\t\t\t<div class=\"elementor-widget-container\">\n\t\t\t\t\t\t\t<div class=\"elementor-social-icons-wrapper elementor-grid\" role=\"list\">\n\t\t\t\t\t\t\t<span class=\"elementor-grid-item\" role=\"listitem\">\n\t\t\t\t\t<a class=\"elementor-icon elementor-social-icon elementor-social-icon-instagram elementor-repeater-item-8436e0b\" href=\"https:\/\/www.instagram.com\/benbrenot\/\" target=\"_blank\">\n\t\t\t\t\t\t<span class=\"elementor-screen-only\">Instagram<\/span>\n\t\t\t\t\t\t<svg aria-hidden=\"true\" class=\"e-font-icon-svg e-fab-instagram\" viewBox=\"0 0 448 512\" xmlns=\"http:\/\/www.w3.org\/2000\/svg\"><path d=\"M224.1 141c-63.6 0-114.9 51.3-114.9 114.9s51.3 114.9 114.9 114.9S339 319.5 339 255.9 287.7 141 224.1 141zm0 189.6c-41.1 0-74.7-33.5-74.7-74.7s33.5-74.7 74.7-74.7 74.7 33.5 74.7 74.7-33.6 74.7-74.7 74.7zm146.4-194.3c0 14.9-12 26.8-26.8 26.8-14.9 0-26.8-12-26.8-26.8s12-26.8 26.8-26.8 26.8 12 26.8 26.8zm76.1 27.2c-1.7-35.9-9.9-67.7-36.2-93.9-26.2-26.2-58-34.4-93.9-36.2-37-2.1-147.9-2.1-184.9 0-35.8 1.7-67.6 9.9-93.9 36.1s-34.4 58-36.2 93.9c-2.1 37-2.1 147.9 0 184.9 1.7 35.9 9.9 67.7 36.2 93.9s58 34.4 93.9 36.2c37 2.1 147.9 2.1 184.9 0 35.9-1.7 67.7-9.9 93.9-36.2 26.2-26.2 34.4-58 36.2-93.9 2.1-37 2.1-147.8 0-184.8zM398.8 388c-7.8 19.6-22.9 34.7-42.6 42.6-29.5 11.7-99.5 9-132.1 9s-102.7 2.6-132.1-9c-19.6-7.8-34.7-22.9-42.6-42.6-11.7-29.5-9-99.5-9-132.1s-2.6-102.7 9-132.1c7.8-19.6 22.9-34.7 42.6-42.6 29.5-11.7 99.5-9 132.1-9s102.7-2.6 132.1 9c19.6 7.8 34.7 22.9 42.6 42.6 11.7 29.5 9 99.5 9 132.1s2.7 102.7-9 132.1z\"><\/path><\/svg>\t\t\t\t\t<\/a>\n\t\t\t\t<\/span>\n\t\t\t\t\t\t\t<span class=\"elementor-grid-item\" role=\"listitem\">\n\t\t\t\t\t<a class=\"elementor-icon elementor-social-icon elementor-social-icon-linkedin elementor-repeater-item-b4d242f\" href=\"https:\/\/www.linkedin.com\/in\/benjaminbrenot\/\" target=\"_blank\">\n\t\t\t\t\t\t<span class=\"elementor-screen-only\">Linkedin<\/span>\n\t\t\t\t\t\t<svg aria-hidden=\"true\" class=\"e-font-icon-svg e-fab-linkedin\" viewBox=\"0 0 448 512\" xmlns=\"http:\/\/www.w3.org\/2000\/svg\"><path d=\"M416 32H31.9C14.3 32 0 46.5 0 64.3v383.4C0 465.5 14.3 480 31.9 480H416c17.6 0 32-14.5 32-32.3V64.3c0-17.8-14.4-32.3-32-32.3zM135.4 416H69V202.2h66.5V416zm-33.2-243c-21.3 0-38.5-17.3-38.5-38.5S80.9 96 102.2 96c21.2 0 38.5 17.3 38.5 38.5 0 21.3-17.2 38.5-38.5 38.5zm282.1 243h-66.4V312c0-24.8-.5-56.7-34.5-56.7-34.6 0-39.9 27-39.9 54.9V416h-66.4V202.2h63.7v29.2h.9c8.9-16.8 30.6-34.5 62.9-34.5 67.2 0 79.7 44.3 79.7 101.9V416z\"><\/path><\/svg>\t\t\t\t\t<\/a>\n\t\t\t\t<\/span>\n\t\t\t\t\t<\/div>\n\t\t\t\t\t\t<\/div>\n\t\t\t\t<\/div>\n\t\t\t\t\t<\/div>\n\t\t<\/div>\n\t\t\t\t\t<\/div>\n\t\t<\/section>\n\t\t\t\t<section class=\"elementor-section elementor-top-section elementor-element elementor-element-0d8d7d9 elementor-section-full_width elementor-section-height-default elementor-section-height-default\" data-id=\"0d8d7d9\" data-element_type=\"section\" data-e-type=\"section\" data-settings=\"{&quot;background_background&quot;:&quot;gradient&quot;}\">\n\t\t\t\t\t\t<div class=\"elementor-container elementor-column-gap-no\">\n\t\t\t\t\t<div class=\"elementor-column elementor-col-50 elementor-top-column elementor-element elementor-element-84ffd63\" data-id=\"84ffd63\" data-element_type=\"column\" data-e-type=\"column\" data-settings=\"{&quot;background_background&quot;:&quot;classic&quot;}\">\n\t\t\t<div class=\"elementor-widget-wrap elementor-element-populated\">\n\t\t\t\t\t\t<div class=\"elementor-element elementor-element-f88170e section-align-left animated-slow section-size-default subtitle-style-default elementor-invisible elementor-widget elementor-widget-section-heading\" data-id=\"f88170e\" data-element_type=\"widget\" data-e-type=\"widget\" data-settings=\"{&quot;_animation&quot;:&quot;fadeIn&quot;}\" data-widget_type=\"section-heading.default\">\n\t\t\t\t<div class=\"elementor-widget-container\">\n\t\t\t\t\t<div class=\"section-heading headingstyle-default\"><div class=\"section-title-wrapper\"><h2 class=\"entry-title section-title\">Ils m'ont fait confiance <\/h2><\/div><h5 class=\"entry-sub-title section-sub-title\">Publications & Collaborations<\/h5><\/div>\t\t\t\t<\/div>\n\t\t\t\t<\/div>\n\t\t\t\t<div class=\"elementor-element elementor-element-a24cfaf elementor-align-justify elementor-tablet-align-left elementor-mobile-align-left elementor-widget elementor-widget-button\" data-id=\"a24cfaf\" data-element_type=\"widget\" data-e-type=\"widget\" data-widget_type=\"button.default\">\n\t\t\t\t<div class=\"elementor-widget-container\">\n\t\t\t\t\t\t\t\t\t<div class=\"elementor-button-wrapper\">\n\t\t\t\t\t<a class=\"elementor-button elementor-button-link elementor-size-sm\" href=\"\/references\">\n\t\t\t\t\t\t<span class=\"elementor-button-content-wrapper\">\n\t\t\t\t\t\t\t\t\t<span class=\"elementor-button-text\">Voir mes r\u00e9f\u00e9rences<\/span>\n\t\t\t\t\t<\/span>\n\t\t\t\t\t<\/a>\n\t\t\t\t<\/div>\n\t\t\t\t\t\t\t\t<\/div>\n\t\t\t\t<\/div>\n\t\t\t\t\t<\/div>\n\t\t<\/div>\n\t\t\t\t<div class=\"elementor-column elementor-col-50 elementor-top-column elementor-element elementor-element-fbfc4f0\" data-id=\"fbfc4f0\" data-element_type=\"column\" data-e-type=\"column\" data-settings=\"{&quot;background_background&quot;:&quot;slideshow&quot;,&quot;background_slideshow_gallery&quot;:[{&quot;id&quot;:6167,&quot;url&quot;:&quot;https:\\\/\\\/benbrenot.com\\\/wp-content\\\/uploads\\\/2025\\\/04\\\/BEN_2125.jpg&quot;},{&quot;id&quot;:5364,&quot;url&quot;:&quot;https:\\\/\\\/benbrenot.com\\\/wp-content\\\/uploads\\\/2025\\\/01\\\/mont_valier_cover-1.jpg&quot;},{&quot;id&quot;:5301,&quot;url&quot;:&quot;https:\\\/\\\/benbrenot.com\\\/wp-content\\\/uploads\\\/2025\\\/01\\\/polarsteps_cover.jpg&quot;}],&quot;background_slideshow_slide_duration&quot;:1000,&quot;background_slideshow_loop&quot;:&quot;yes&quot;,&quot;background_slideshow_slide_transition&quot;:&quot;fade&quot;,&quot;background_slideshow_transition_duration&quot;:500}\">\n\t\t\t<div class=\"elementor-widget-wrap elementor-element-populated\">\n\t\t\t\t\t\t<div class=\"elementor-element elementor-element-53c8a4a elementor-widget__width-initial elementor-widget elementor-widget-spacer\" data-id=\"53c8a4a\" data-element_type=\"widget\" data-e-type=\"widget\" data-widget_type=\"spacer.default\">\n\t\t\t\t<div class=\"elementor-widget-container\">\n\t\t\t\t\t\t\t<div class=\"elementor-spacer\">\n\t\t\t<div class=\"elementor-spacer-inner\"><\/div>\n\t\t<\/div>\n\t\t\t\t\t\t<\/div>\n\t\t\t\t<\/div>\n\t\t\t\t\t<\/div>\n\t\t<\/div>\n\t\t\t\t\t<\/div>\n\t\t<\/section>\n\t\t\t\t<section class=\"elementor-section elementor-top-section elementor-element elementor-element-fc5ead6 elementor-section-boxed elementor-section-height-default elementor-section-height-default\" data-id=\"fc5ead6\" data-element_type=\"section\" data-e-type=\"section\">\n\t\t\t\t\t\t<div class=\"elementor-container elementor-column-gap-default\">\n\t\t\t\t\t<div class=\"elementor-column elementor-col-100 elementor-top-column elementor-element elementor-element-3c9a971\" data-id=\"3c9a971\" data-element_type=\"column\" data-e-type=\"column\">\n\t\t\t<div class=\"elementor-widget-wrap elementor-element-populated\">\n\t\t\t\t\t\t<div class=\"elementor-element elementor-element-5fb55f3 section-align-center section-size-large subtitle-style-sidelines elementor-widget elementor-widget-section-heading\" data-id=\"5fb55f3\" data-element_type=\"widget\" data-e-type=\"widget\" data-widget_type=\"section-heading.default\">\n\t\t\t\t<div class=\"elementor-widget-container\">\n\t\t\t\t\t<div class=\"section-heading headingstyle-subtitle\"><h5 class=\"entry-sub-title section-sub-title\">Mon travail vous pla\u00eet ?<\/h5><div class=\"section-title-wrapper\"><h2 class=\"entry-title section-title\">Collaborons ensemble !<\/h2><\/div><div class=\"section-description clearfix\"><div class=\"section-description-inner\"><p>\ud83d\udccd Toulouse & d\u00e9placements possibles<\/p>\n<\/div><\/div><div class=\"section-button\"><a  href=\"https:\/\/benbrenot.com\/contactez-moi\/\"><div class=\"mtheme-button\">Me contacter<\/div><\/a><\/div><\/div>\t\t\t\t<\/div>\n\t\t\t\t<\/div>\n\t\t\t\t\t<\/div>\n\t\t<\/div>\n\t\t\t\t\t<\/div>\n\t\t<\/section>\n\t\t\t\t<\/div>\n\t\t","protected":false},"excerpt":{"rendered":"<p>Photographie inspir\u00e9e par l\u2019humain et l\u2019aventure. Voir ma galerie Moi c\u2019est Benjamin ! \ud83d\udccd Toulouse, France. \u00a0\ud83d\udcf7 Photographe Outdoor | Voyage | Lifestyle. Mon approche repose sur la documentation du r\u00e9el et la capture d\u2019instants forts, nourries par la relation de confiance et l\u2019\u00e9change qui s\u2019installent lors d\u2019un shooting. Mon travail de visual storyteller consiste \u00e0 faire \u00e9merger des \u00e9motions imm\u00e9diates, susciter l\u2019admiration, \u00e9veiller la curiosit\u00e9, cr\u00e9er l\u2019envie, retranscrire l\u2019\u00e9nergie des personnes et des lieux que je photographie. Chaque projet [&hellip;]<\/p>\n","protected":false},"author":1,"featured_media":5726,"parent":0,"menu_order":0,"comment_status":"closed","ping_status":"closed","template":"","meta":{"footnotes":""},"class_list":["post-3505","page","type-page","status-publish","has-post-thumbnail","hentry"],"yoast_head":"<!-- This site is optimized with the Yoast SEO plugin v27.5 - https:\/\/yoast.com\/product\/yoast-seo-wordpress\/ -->\n<title>Ben Brenot Photography<\/title>\n<meta name=\"description\" content=\"Benjamin Brenot photographe Toulousain - Explorer le monde + l&#039;humain\" \/>\n<meta name=\"robots\" content=\"index, follow, max-snippet:-1, max-image-preview:large, max-video-preview:-1\" \/>\n<link rel=\"canonical\" href=\"https:\/\/benbrenot.com\/en\/\" \/>\n<meta property=\"og:locale\" content=\"en_GB\" \/>\n<meta property=\"og:type\" content=\"article\" \/>\n<meta property=\"og:title\" content=\"Ben Brenot Photography\" \/>\n<meta property=\"og:description\" content=\"Benjamin Brenot photographe Toulousain - Explorer le monde + l&#039;humain\" \/>\n<meta property=\"og:url\" content=\"https:\/\/benbrenot.com\/en\/\" \/>\n<meta property=\"og:site_name\" content=\"Ben Brenot Photography\" \/>\n<meta property=\"article:modified_time\" content=\"2026-01-03T18:31:48+00:00\" \/>\n<meta property=\"og:image\" content=\"https:\/\/benbrenot.com\/wp-content\/uploads\/2025\/04\/benbrenot_opengraph.jpg\" \/>\n\t<meta property=\"og:image:width\" content=\"1920\" \/>\n\t<meta property=\"og:image:height\" content=\"1280\" \/>\n\t<meta property=\"og:image:type\" content=\"image\/jpeg\" \/>\n<meta name=\"twitter:card\" content=\"summary_large_image\" \/>\n<meta name=\"twitter:label1\" content=\"Estimated reading time\" \/>\n\t<meta name=\"twitter:data1\" content=\"2 minutes\" \/>\n<script type=\"application\/ld+json\" class=\"yoast-schema-graph\">{\"@context\":\"https:\\\/\\\/schema.org\",\"@graph\":[{\"@type\":\"WebPage\",\"@id\":\"https:\\\/\\\/benbrenot.com\\\/\",\"url\":\"https:\\\/\\\/benbrenot.com\\\/\",\"name\":\"Ben Brenot Photography\",\"isPartOf\":{\"@id\":\"https:\\\/\\\/benbrenot.com\\\/#website\"},\"primaryImageOfPage\":{\"@id\":\"https:\\\/\\\/benbrenot.com\\\/#primaryimage\"},\"image\":{\"@id\":\"https:\\\/\\\/benbrenot.com\\\/#primaryimage\"},\"thumbnailUrl\":\"https:\\\/\\\/benbrenot.com\\\/wp-content\\\/uploads\\\/2025\\\/04\\\/benbrenot_opengraph.jpg\",\"datePublished\":\"2024-08-31T22:26:37+00:00\",\"dateModified\":\"2026-01-03T18:31:48+00:00\",\"description\":\"Benjamin Brenot photographe Toulousain - Explorer le monde + l'humain\",\"breadcrumb\":{\"@id\":\"https:\\\/\\\/benbrenot.com\\\/#breadcrumb\"},\"inLanguage\":\"en-GB\",\"potentialAction\":[{\"@type\":\"ReadAction\",\"target\":[\"https:\\\/\\\/benbrenot.com\\\/\"]}]},{\"@type\":\"ImageObject\",\"inLanguage\":\"en-GB\",\"@id\":\"https:\\\/\\\/benbrenot.com\\\/#primaryimage\",\"url\":\"https:\\\/\\\/benbrenot.com\\\/wp-content\\\/uploads\\\/2025\\\/04\\\/benbrenot_opengraph.jpg\",\"contentUrl\":\"https:\\\/\\\/benbrenot.com\\\/wp-content\\\/uploads\\\/2025\\\/04\\\/benbrenot_opengraph.jpg\",\"width\":1920,\"height\":1280},{\"@type\":\"BreadcrumbList\",\"@id\":\"https:\\\/\\\/benbrenot.com\\\/#breadcrumb\",\"itemListElement\":[{\"@type\":\"ListItem\",\"position\":1,\"name\":\"Accueil\",\"item\":\"https:\\\/\\\/benbrenot.com\\\/\"},{\"@type\":\"ListItem\",\"position\":2,\"name\":\"Home\"}]},{\"@type\":\"WebSite\",\"@id\":\"https:\\\/\\\/benbrenot.com\\\/#website\",\"url\":\"https:\\\/\\\/benbrenot.com\\\/\",\"name\":\"BENBRENOT\",\"description\":\"Explorer le monde + l&#039;humain\",\"publisher\":{\"@id\":\"https:\\\/\\\/benbrenot.com\\\/#\\\/schema\\\/person\\\/fc61c06c42e88a5246af9a7fe9843d22\"},\"potentialAction\":[{\"@type\":\"SearchAction\",\"target\":{\"@type\":\"EntryPoint\",\"urlTemplate\":\"https:\\\/\\\/benbrenot.com\\\/?s={search_term_string}\"},\"query-input\":{\"@type\":\"PropertyValueSpecification\",\"valueRequired\":true,\"valueName\":\"search_term_string\"}}],\"inLanguage\":\"en-GB\"},{\"@type\":[\"Person\",\"Organization\"],\"@id\":\"https:\\\/\\\/benbrenot.com\\\/#\\\/schema\\\/person\\\/fc61c06c42e88a5246af9a7fe9843d22\",\"name\":\"Ben\",\"image\":{\"@type\":\"ImageObject\",\"inLanguage\":\"en-GB\",\"@id\":\"https:\\\/\\\/i0.wp.com\\\/benbrenot.com\\\/wp-content\\\/uploads\\\/2024\\\/08\\\/OG-Cover.jpg?fit=1920%2C1080&ssl=1\",\"url\":\"https:\\\/\\\/i0.wp.com\\\/benbrenot.com\\\/wp-content\\\/uploads\\\/2024\\\/08\\\/OG-Cover.jpg?fit=1920%2C1080&ssl=1\",\"contentUrl\":\"https:\\\/\\\/i0.wp.com\\\/benbrenot.com\\\/wp-content\\\/uploads\\\/2024\\\/08\\\/OG-Cover.jpg?fit=1920%2C1080&ssl=1\",\"width\":1920,\"height\":1080,\"caption\":\"Ben\"},\"logo\":{\"@id\":\"https:\\\/\\\/i0.wp.com\\\/benbrenot.com\\\/wp-content\\\/uploads\\\/2024\\\/08\\\/OG-Cover.jpg?fit=1920%2C1080&ssl=1\"},\"sameAs\":[\"https:\\\/\\\/benbrenot.com\",\"https:\\\/\\\/www.instagram.com\\\/benbrenot\\\/\",\"https:\\\/\\\/www.linkedin.com\\\/in\\\/benjaminbrenot\\\/\"]}]}<\/script>\n<!-- \/ Yoast SEO plugin. -->","yoast_head_json":{"title":"Ben Brenot Photography","description":"Benjamin Brenot photographe Toulousain - Explorer le monde + l'humain","robots":{"index":"index","follow":"follow","max-snippet":"max-snippet:-1","max-image-preview":"max-image-preview:large","max-video-preview":"max-video-preview:-1"},"canonical":"https:\/\/benbrenot.com\/en\/","og_locale":"en_GB","og_type":"article","og_title":"Ben Brenot Photography","og_description":"Benjamin Brenot photographe Toulousain - Explorer le monde + l'humain","og_url":"https:\/\/benbrenot.com\/en\/","og_site_name":"Ben Brenot Photography","article_modified_time":"2026-01-03T18:31:48+00:00","og_image":[{"width":1920,"height":1280,"url":"https:\/\/benbrenot.com\/wp-content\/uploads\/2025\/04\/benbrenot_opengraph.jpg","type":"image\/jpeg"}],"twitter_card":"summary_large_image","twitter_misc":{"Estimated reading time":"2 minutes"},"schema":{"@context":"https:\/\/schema.org","@graph":[{"@type":"WebPage","@id":"https:\/\/benbrenot.com\/","url":"https:\/\/benbrenot.com\/","name":"Ben Brenot Photography","isPartOf":{"@id":"https:\/\/benbrenot.com\/#website"},"primaryImageOfPage":{"@id":"https:\/\/benbrenot.com\/#primaryimage"},"image":{"@id":"https:\/\/benbrenot.com\/#primaryimage"},"thumbnailUrl":"https:\/\/benbrenot.com\/wp-content\/uploads\/2025\/04\/benbrenot_opengraph.jpg","datePublished":"2024-08-31T22:26:37+00:00","dateModified":"2026-01-03T18:31:48+00:00","description":"Benjamin Brenot photographe Toulousain - Explorer le monde + l'humain","breadcrumb":{"@id":"https:\/\/benbrenot.com\/#breadcrumb"},"inLanguage":"en-GB","potentialAction":[{"@type":"ReadAction","target":["https:\/\/benbrenot.com\/"]}]},{"@type":"ImageObject","inLanguage":"en-GB","@id":"https:\/\/benbrenot.com\/#primaryimage","url":"https:\/\/benbrenot.com\/wp-content\/uploads\/2025\/04\/benbrenot_opengraph.jpg","contentUrl":"https:\/\/benbrenot.com\/wp-content\/uploads\/2025\/04\/benbrenot_opengraph.jpg","width":1920,"height":1280},{"@type":"BreadcrumbList","@id":"https:\/\/benbrenot.com\/#breadcrumb","itemListElement":[{"@type":"ListItem","position":1,"name":"Accueil","item":"https:\/\/benbrenot.com\/"},{"@type":"ListItem","position":2,"name":"Home"}]},{"@type":"WebSite","@id":"https:\/\/benbrenot.com\/#website","url":"https:\/\/benbrenot.com\/","name":"BENBRENOT","description":"Explorer le monde + l&#039;humain","publisher":{"@id":"https:\/\/benbrenot.com\/#\/schema\/person\/fc61c06c42e88a5246af9a7fe9843d22"},"potentialAction":[{"@type":"SearchAction","target":{"@type":"EntryPoint","urlTemplate":"https:\/\/benbrenot.com\/?s={search_term_string}"},"query-input":{"@type":"PropertyValueSpecification","valueRequired":true,"valueName":"search_term_string"}}],"inLanguage":"en-GB"},{"@type":["Person","Organization"],"@id":"https:\/\/benbrenot.com\/#\/schema\/person\/fc61c06c42e88a5246af9a7fe9843d22","name":"Ben","image":{"@type":"ImageObject","inLanguage":"en-GB","@id":"https:\/\/i0.wp.com\/benbrenot.com\/wp-content\/uploads\/2024\/08\/OG-Cover.jpg?fit=1920%2C1080&ssl=1","url":"https:\/\/i0.wp.com\/benbrenot.com\/wp-content\/uploads\/2024\/08\/OG-Cover.jpg?fit=1920%2C1080&ssl=1","contentUrl":"https:\/\/i0.wp.com\/benbrenot.com\/wp-content\/uploads\/2024\/08\/OG-Cover.jpg?fit=1920%2C1080&ssl=1","width":1920,"height":1080,"caption":"Ben"},"logo":{"@id":"https:\/\/i0.wp.com\/benbrenot.com\/wp-content\/uploads\/2024\/08\/OG-Cover.jpg?fit=1920%2C1080&ssl=1"},"sameAs":["https:\/\/benbrenot.com","https:\/\/www.instagram.com\/benbrenot\/","https:\/\/www.linkedin.com\/in\/benjaminbrenot\/"]}]}},"_links":{"self":[{"href":"https:\/\/benbrenot.com\/en\/wp-json\/wp\/v2\/pages\/3505","targetHints":{"allow":["GET"]}}],"collection":[{"href":"https:\/\/benbrenot.com\/en\/wp-json\/wp\/v2\/pages"}],"about":[{"href":"https:\/\/benbrenot.com\/en\/wp-json\/wp\/v2\/types\/page"}],"author":[{"embeddable":true,"href":"https:\/\/benbrenot.com\/en\/wp-json\/wp\/v2\/users\/1"}],"replies":[{"embeddable":true,"href":"https:\/\/benbrenot.com\/en\/wp-json\/wp\/v2\/comments?post=3505"}],"version-history":[{"count":318,"href":"https:\/\/benbrenot.com\/en\/wp-json\/wp\/v2\/pages\/3505\/revisions"}],"predecessor-version":[{"id":7267,"href":"https:\/\/benbrenot.com\/en\/wp-json\/wp\/v2\/pages\/3505\/revisions\/7267"}],"wp:featuredmedia":[{"embeddable":true,"href":"https:\/\/benbrenot.com\/en\/wp-json\/wp\/v2\/media\/5726"}],"wp:attachment":[{"href":"https:\/\/benbrenot.com\/en\/wp-json\/wp\/v2\/media?parent=3505"}],"curies":[{"name":"wp","href":"https:\/\/api.w.org\/{rel}","templated":true}]}}