{"id":5394,"date":"2025-01-29T18:40:45","date_gmt":"2025-01-29T17:40:45","guid":{"rendered":"https:\/\/benbrenot.com\/?page_id=5394"},"modified":"2025-05-27T16:45:09","modified_gmt":"2025-05-27T15:45:09","slug":"references","status":"publish","type":"page","link":"https:\/\/benbrenot.com\/en\/references\/","title":{"rendered":"References"},"content":{"rendered":"<div data-elementor-type=\"wp-post\" data-elementor-id=\"5394\" class=\"elementor elementor-5394\">\n\t\t\t\t\t\t<section class=\"elementor-section elementor-top-section elementor-element elementor-element-a3adc7c elementor-section-boxed elementor-section-height-default elementor-section-height-default\" data-id=\"a3adc7c\" data-element_type=\"section\" data-e-type=\"section\" data-settings=\"{&quot;background_background&quot;:&quot;classic&quot;}\">\n\t\t\t\t\t\t\t<div class=\"elementor-background-overlay\"><\/div>\n\t\t\t\t\t\t\t<div class=\"elementor-container elementor-column-gap-default\">\n\t\t\t\t\t<div class=\"elementor-column elementor-col-100 elementor-top-column elementor-element elementor-element-ea591d6\" data-id=\"ea591d6\" data-element_type=\"column\" data-e-type=\"column\">\n\t\t\t<div class=\"elementor-widget-wrap elementor-element-populated\">\n\t\t\t\t\t\t<div class=\"elementor-element elementor-element-2a233c8 section-align-center section-size-large subtitle-style-default elementor-widget elementor-widget-section-heading\" data-id=\"2a233c8\" data-element_type=\"widget\" data-e-type=\"widget\" data-widget_type=\"section-heading.default\">\n\t\t\t\t<div class=\"elementor-widget-container\">\n\t\t\t\t\t<div class=\"section-heading headingstyle-default\"><div class=\"section-title-wrapper\"><h2 class=\"entry-title section-title\">References<\/h2><\/div><h5 class=\"entry-sub-title section-sub-title\">Collaborations &amp; publications<\/h5><\/div>\t\t\t\t<\/div>\n\t\t\t\t<\/div>\n\t\t\t\t\t<\/div>\n\t\t<\/div>\n\t\t\t\t\t<\/div>\n\t\t<\/section>\n\t\t\t\t<section class=\"elementor-section elementor-top-section elementor-element elementor-element-364ac06 elementor-section-boxed elementor-section-height-default elementor-section-height-default\" data-id=\"364ac06\" data-element_type=\"section\" data-e-type=\"section\">\n\t\t\t\t\t\t<div class=\"elementor-container elementor-column-gap-wider\">\n\t\t\t\t\t<div class=\"elementor-column elementor-col-100 elementor-top-column elementor-element elementor-element-9580979\" data-id=\"9580979\" data-element_type=\"column\" data-e-type=\"column\">\n\t\t\t<div class=\"elementor-widget-wrap elementor-element-populated\">\n\t\t\t\t\t\t<div class=\"elementor-element elementor-element-bd62b44 elementor-widget elementor-widget-heading\" data-id=\"bd62b44\" data-element_type=\"widget\" data-e-type=\"widget\" data-widget_type=\"heading.default\">\n\t\t\t\t<div class=\"elementor-widget-container\">\n\t\t\t\t\t<h2 class=\"elementor-heading-title elementor-size-default\">They trusted me<\/h2>\t\t\t\t<\/div>\n\t\t\t\t<\/div>\n\t\t\t\t<div class=\"elementor-element elementor-element-55da802 elementor-widget elementor-widget-blog-grid\" data-id=\"55da802\" data-element_type=\"widget\" data-e-type=\"widget\" data-widget_type=\"blog-grid.default\">\n\t\t\t\t<div class=\"elementor-widget-container\">\n\t\t\t\t\t<div class=\"portfolio-grid-container portfolio-gridblock-columns-wrap grid-has-blog\"><div id=\"gridblock-container\" class=\"portfolio-gutter-spaced no-title-no-desc    boxtitle-active has-effect-zoom grid-style-wall-spaced gridblock-two clearfix\" data-columns=\"2\"><div class=\"gridblock-element grid-animate-display-all isotope-displayed gridblock-element-id-6165 gridblock-element-order-1 gridblock-cell-bottom-space gridblock-filterable\" data-portfolio=\"portfolio-6165\" data-id=\"id-2\"><div class=\"gridblock-grid-element gridblock-element-inner\" data-portfolioid=\"6165\"><div class=\"gridblock-background-hover\"><a class=\"gridblock-sole-link\" href=\"https:\/\/benbrenot.com\/en\/le-canithe\/\"><div class=\"gridblock-links-wrap box-title-box-directlink\"><\/div><div class=\"boxtitle-hover\"><\/div><\/a><\/div><img decoding=\"async\" src=\"https:\/\/benbrenot.com\/wp-content\/themes\/blacksilver\/images\/placeholders\/placeholder-770x550.gif\" data-src=\"https:\/\/benbrenot.com\/wp-content\/uploads\/2025\/04\/BEN_2125-770x550.jpg\" alt=\"\" class=\"displayed-image lazyload\"\/><\/div><\/div><div class=\"gridblock-element grid-animate-display-all isotope-displayed gridblock-element-id-933 gridblock-element-order-2 gridblock-cell-bottom-space gridblock-filterable\" data-portfolio=\"portfolio-933\" data-id=\"id-3\"><div class=\"gridblock-grid-element gridblock-element-inner\" data-portfolioid=\"933\"><div class=\"gridblock-background-hover\"><a class=\"gridblock-sole-link\" href=\"https:\/\/benbrenot.com\/en\/polarsteps\/\"><div class=\"gridblock-links-wrap box-title-box-directlink\"><\/div><div class=\"boxtitle-hover\"><\/div><\/a><\/div><img decoding=\"async\" src=\"https:\/\/benbrenot.com\/wp-content\/themes\/blacksilver\/images\/placeholders\/placeholder-770x550.gif\" data-src=\"https:\/\/benbrenot.com\/wp-content\/uploads\/2025\/01\/polarsteps_cover-770x550.jpg\" alt=\"\" class=\"displayed-image lazyload\"\/><\/div><\/div><div class=\"gridblock-element grid-animate-display-all isotope-displayed gridblock-element-id-5352 gridblock-element-order-3 gridblock-cell-bottom-space gridblock-filterable\" data-portfolio=\"portfolio-5352\" data-id=\"id-4\"><div class=\"gridblock-grid-element gridblock-element-inner\" data-portfolioid=\"5352\"><div class=\"gridblock-background-hover\"><a class=\"gridblock-sole-link\" href=\"https:\/\/benbrenot.com\/en\/mont-valier\/\"><div class=\"gridblock-links-wrap box-title-box-directlink\"><\/div><div class=\"boxtitle-hover\"><\/div><\/a><\/div><img decoding=\"async\" src=\"https:\/\/benbrenot.com\/wp-content\/themes\/blacksilver\/images\/placeholders\/placeholder-770x550.gif\" data-src=\"https:\/\/benbrenot.com\/wp-content\/uploads\/2025\/01\/mont_valier_cover-1-770x550.jpg\" alt=\"\" class=\"displayed-image lazyload\"\/><\/div><\/div><\/div><\/div>\t\t\t\t<\/div>\n\t\t\t\t<\/div>\n\t\t\t\t\t<\/div>\n\t\t<\/div>\n\t\t\t\t\t<\/div>\n\t\t<\/section>\n\t\t\t\t<section class=\"elementor-section elementor-top-section elementor-element elementor-element-4a07fc46 elementor-section-boxed elementor-section-height-default elementor-section-height-default\" data-id=\"4a07fc46\" data-element_type=\"section\" data-e-type=\"section\">\n\t\t\t\t\t\t<div class=\"elementor-container elementor-column-gap-default\">\n\t\t\t\t\t<div class=\"elementor-column elementor-col-100 elementor-top-column elementor-element elementor-element-6234c77b\" data-id=\"6234c77b\" data-element_type=\"column\" data-e-type=\"column\">\n\t\t\t<div class=\"elementor-widget-wrap elementor-element-populated\">\n\t\t\t\t\t\t<div class=\"elementor-element elementor-element-cd68ac7 elementor-widget-divider--view-line elementor-widget elementor-widget-divider\" data-id=\"cd68ac7\" data-element_type=\"widget\" data-e-type=\"widget\" data-widget_type=\"divider.default\">\n\t\t\t\t<div class=\"elementor-widget-container\">\n\t\t\t\t\t\t\t<div class=\"elementor-divider\">\n\t\t\t<span class=\"elementor-divider-separator\">\n\t\t\t\t\t\t<\/span>\n\t\t<\/div>\n\t\t\t\t\t\t<\/div>\n\t\t\t\t<\/div>\n\t\t\t\t<div class=\"elementor-element elementor-element-634ca18 section-align-center section-size-large subtitle-style-sidelines elementor-widget elementor-widget-section-heading\" data-id=\"634ca18\" data-element_type=\"widget\" data-e-type=\"widget\" data-widget_type=\"section-heading.default\">\n\t\t\t\t<div class=\"elementor-widget-container\">\n\t\t\t\t\t<div class=\"section-heading headingstyle-subtitle\"><h5 class=\"entry-sub-title section-sub-title\">Do you like my work?<\/h5><div class=\"section-title-wrapper\"><h2 class=\"entry-title section-title\">Let's collaborate<\/h2><\/div><div class=\"section-description clearfix\"><div class=\"section-description-inner\"><h4>\ud83d\udccd Toulouse & d\u00e9placements possibles<\/h4>\n<\/div><\/div><div class=\"section-button\"><a  href=\"https:\/\/benbrenot.com\/en\/contactez-moi\/\"><div class=\"mtheme-button\">Contact me<\/div><\/a><\/div><\/div>\t\t\t\t<\/div>\n\t\t\t\t<\/div>\n\t\t\t\t\t<\/div>\n\t\t<\/div>\n\t\t\t\t\t<\/div>\n\t\t<\/section>\n\t\t\t\t<\/div>","protected":false},"excerpt":{"rendered":"<p>R\u00e9f\u00e9rences Collaborations &#038; publications Ils m\u2019ont fait confiance Mon travail vous pla\u00eet ? Collaborons \ud83d\udccd Toulouse &#038; d\u00e9placements possibles Me contacter<\/p>","protected":false},"author":1,"featured_media":5726,"parent":0,"menu_order":0,"comment_status":"closed","ping_status":"closed","template":"","meta":{"footnotes":""},"class_list":["post-5394","page","type-page","status-publish","has-post-thumbnail","hentry"],"yoast_head":"<!-- This site is optimized with the Yoast SEO plugin v27.5 - https:\/\/yoast.com\/product\/yoast-seo-wordpress\/ -->\n<title>R\u00e9f\u00e9rences - Ben Brenot Photography<\/title>\n<meta name=\"robots\" content=\"index, follow, max-snippet:-1, max-image-preview:large, max-video-preview:-1\" \/>\n<link rel=\"canonical\" href=\"https:\/\/benbrenot.com\/en\/references\/\" \/>\n<meta property=\"og:locale\" content=\"en_GB\" \/>\n<meta property=\"og:type\" content=\"article\" \/>\n<meta property=\"og:title\" content=\"R\u00e9f\u00e9rences - Ben Brenot Photography\" \/>\n<meta property=\"og:description\" content=\"R\u00e9f\u00e9rences Collaborations &amp; publications Ils m\u2019ont fait confiance Mon travail vous pla\u00eet ? Collaborons \ud83d\udccd Toulouse &amp; d\u00e9placements possibles Me contacter\" \/>\n<meta property=\"og:url\" content=\"https:\/\/benbrenot.com\/en\/references\/\" \/>\n<meta property=\"og:site_name\" content=\"Ben Brenot Photography\" \/>\n<meta property=\"article:modified_time\" content=\"2025-05-27T15:45:09+00:00\" \/>\n<meta property=\"og:image\" content=\"https:\/\/benbrenot.com\/wp-content\/uploads\/2025\/04\/benbrenot_opengraph.jpg\" \/>\n\t<meta property=\"og:image:width\" content=\"1920\" \/>\n\t<meta property=\"og:image:height\" content=\"1280\" \/>\n\t<meta property=\"og:image:type\" content=\"image\/jpeg\" \/>\n<meta name=\"twitter:card\" content=\"summary_large_image\" \/>\n<meta name=\"twitter:label1\" content=\"Estimated reading time\" \/>\n\t<meta name=\"twitter:data1\" content=\"1 minute\" \/>\n<script type=\"application\/ld+json\" class=\"yoast-schema-graph\">{\"@context\":\"https:\\\/\\\/schema.org\",\"@graph\":[{\"@type\":\"WebPage\",\"@id\":\"https:\\\/\\\/benbrenot.com\\\/references\\\/\",\"url\":\"https:\\\/\\\/benbrenot.com\\\/references\\\/\",\"name\":\"R\u00e9f\u00e9rences - Ben Brenot Photography\",\"isPartOf\":{\"@id\":\"https:\\\/\\\/benbrenot.com\\\/#website\"},\"primaryImageOfPage\":{\"@id\":\"https:\\\/\\\/benbrenot.com\\\/references\\\/#primaryimage\"},\"image\":{\"@id\":\"https:\\\/\\\/benbrenot.com\\\/references\\\/#primaryimage\"},\"thumbnailUrl\":\"https:\\\/\\\/benbrenot.com\\\/wp-content\\\/uploads\\\/2025\\\/04\\\/benbrenot_opengraph.jpg\",\"datePublished\":\"2025-01-29T17:40:45+00:00\",\"dateModified\":\"2025-05-27T15:45:09+00:00\",\"breadcrumb\":{\"@id\":\"https:\\\/\\\/benbrenot.com\\\/references\\\/#breadcrumb\"},\"inLanguage\":\"en-GB\",\"potentialAction\":[{\"@type\":\"ReadAction\",\"target\":[\"https:\\\/\\\/benbrenot.com\\\/references\\\/\"]}]},{\"@type\":\"ImageObject\",\"inLanguage\":\"en-GB\",\"@id\":\"https:\\\/\\\/benbrenot.com\\\/references\\\/#primaryimage\",\"url\":\"https:\\\/\\\/benbrenot.com\\\/wp-content\\\/uploads\\\/2025\\\/04\\\/benbrenot_opengraph.jpg\",\"contentUrl\":\"https:\\\/\\\/benbrenot.com\\\/wp-content\\\/uploads\\\/2025\\\/04\\\/benbrenot_opengraph.jpg\",\"width\":1920,\"height\":1280},{\"@type\":\"BreadcrumbList\",\"@id\":\"https:\\\/\\\/benbrenot.com\\\/references\\\/#breadcrumb\",\"itemListElement\":[{\"@type\":\"ListItem\",\"position\":1,\"name\":\"Accueil\",\"item\":\"https:\\\/\\\/benbrenot.com\\\/\"},{\"@type\":\"ListItem\",\"position\":2,\"name\":\"R\u00e9f\u00e9rences\"}]},{\"@type\":\"WebSite\",\"@id\":\"https:\\\/\\\/benbrenot.com\\\/#website\",\"url\":\"https:\\\/\\\/benbrenot.com\\\/\",\"name\":\"BENBRENOT\",\"description\":\"Explorer le monde + l&#039;humain\",\"publisher\":{\"@id\":\"https:\\\/\\\/benbrenot.com\\\/#\\\/schema\\\/person\\\/fc61c06c42e88a5246af9a7fe9843d22\"},\"potentialAction\":[{\"@type\":\"SearchAction\",\"target\":{\"@type\":\"EntryPoint\",\"urlTemplate\":\"https:\\\/\\\/benbrenot.com\\\/?s={search_term_string}\"},\"query-input\":{\"@type\":\"PropertyValueSpecification\",\"valueRequired\":true,\"valueName\":\"search_term_string\"}}],\"inLanguage\":\"en-GB\"},{\"@type\":[\"Person\",\"Organization\"],\"@id\":\"https:\\\/\\\/benbrenot.com\\\/#\\\/schema\\\/person\\\/fc61c06c42e88a5246af9a7fe9843d22\",\"name\":\"Ben\",\"image\":{\"@type\":\"ImageObject\",\"inLanguage\":\"en-GB\",\"@id\":\"https:\\\/\\\/i0.wp.com\\\/benbrenot.com\\\/wp-content\\\/uploads\\\/2024\\\/08\\\/OG-Cover.jpg?fit=1920%2C1080&ssl=1\",\"url\":\"https:\\\/\\\/i0.wp.com\\\/benbrenot.com\\\/wp-content\\\/uploads\\\/2024\\\/08\\\/OG-Cover.jpg?fit=1920%2C1080&ssl=1\",\"contentUrl\":\"https:\\\/\\\/i0.wp.com\\\/benbrenot.com\\\/wp-content\\\/uploads\\\/2024\\\/08\\\/OG-Cover.jpg?fit=1920%2C1080&ssl=1\",\"width\":1920,\"height\":1080,\"caption\":\"Ben\"},\"logo\":{\"@id\":\"https:\\\/\\\/i0.wp.com\\\/benbrenot.com\\\/wp-content\\\/uploads\\\/2024\\\/08\\\/OG-Cover.jpg?fit=1920%2C1080&ssl=1\"},\"sameAs\":[\"https:\\\/\\\/benbrenot.com\",\"https:\\\/\\\/www.instagram.com\\\/benbrenot\\\/\",\"https:\\\/\\\/www.linkedin.com\\\/in\\\/benjaminbrenot\\\/\"]}]}<\/script>\n<!-- \/ Yoast SEO plugin. -->","yoast_head_json":{"title":"R\u00e9f\u00e9rences - Ben Brenot Photography","robots":{"index":"index","follow":"follow","max-snippet":"max-snippet:-1","max-image-preview":"max-image-preview:large","max-video-preview":"max-video-preview:-1"},"canonical":"https:\/\/benbrenot.com\/en\/references\/","og_locale":"en_GB","og_type":"article","og_title":"R\u00e9f\u00e9rences - Ben Brenot Photography","og_description":"R\u00e9f\u00e9rences Collaborations & publications Ils m\u2019ont fait confiance Mon travail vous pla\u00eet ? Collaborons \ud83d\udccd Toulouse & d\u00e9placements possibles Me contacter","og_url":"https:\/\/benbrenot.com\/en\/references\/","og_site_name":"Ben Brenot Photography","article_modified_time":"2025-05-27T15:45:09+00:00","og_image":[{"width":1920,"height":1280,"url":"https:\/\/benbrenot.com\/wp-content\/uploads\/2025\/04\/benbrenot_opengraph.jpg","type":"image\/jpeg"}],"twitter_card":"summary_large_image","twitter_misc":{"Estimated reading time":"1 minute"},"schema":{"@context":"https:\/\/schema.org","@graph":[{"@type":"WebPage","@id":"https:\/\/benbrenot.com\/references\/","url":"https:\/\/benbrenot.com\/references\/","name":"R\u00e9f\u00e9rences - Ben Brenot Photography","isPartOf":{"@id":"https:\/\/benbrenot.com\/#website"},"primaryImageOfPage":{"@id":"https:\/\/benbrenot.com\/references\/#primaryimage"},"image":{"@id":"https:\/\/benbrenot.com\/references\/#primaryimage"},"thumbnailUrl":"https:\/\/benbrenot.com\/wp-content\/uploads\/2025\/04\/benbrenot_opengraph.jpg","datePublished":"2025-01-29T17:40:45+00:00","dateModified":"2025-05-27T15:45:09+00:00","breadcrumb":{"@id":"https:\/\/benbrenot.com\/references\/#breadcrumb"},"inLanguage":"en-GB","potentialAction":[{"@type":"ReadAction","target":["https:\/\/benbrenot.com\/references\/"]}]},{"@type":"ImageObject","inLanguage":"en-GB","@id":"https:\/\/benbrenot.com\/references\/#primaryimage","url":"https:\/\/benbrenot.com\/wp-content\/uploads\/2025\/04\/benbrenot_opengraph.jpg","contentUrl":"https:\/\/benbrenot.com\/wp-content\/uploads\/2025\/04\/benbrenot_opengraph.jpg","width":1920,"height":1280},{"@type":"BreadcrumbList","@id":"https:\/\/benbrenot.com\/references\/#breadcrumb","itemListElement":[{"@type":"ListItem","position":1,"name":"Accueil","item":"https:\/\/benbrenot.com\/"},{"@type":"ListItem","position":2,"name":"R\u00e9f\u00e9rences"}]},{"@type":"WebSite","@id":"https:\/\/benbrenot.com\/#website","url":"https:\/\/benbrenot.com\/","name":"BENBRENOT","description":"Explorer le monde + l&#039;humain","publisher":{"@id":"https:\/\/benbrenot.com\/#\/schema\/person\/fc61c06c42e88a5246af9a7fe9843d22"},"potentialAction":[{"@type":"SearchAction","target":{"@type":"EntryPoint","urlTemplate":"https:\/\/benbrenot.com\/?s={search_term_string}"},"query-input":{"@type":"PropertyValueSpecification","valueRequired":true,"valueName":"search_term_string"}}],"inLanguage":"en-GB"},{"@type":["Person","Organization"],"@id":"https:\/\/benbrenot.com\/#\/schema\/person\/fc61c06c42e88a5246af9a7fe9843d22","name":"Ben","image":{"@type":"ImageObject","inLanguage":"en-GB","@id":"https:\/\/i0.wp.com\/benbrenot.com\/wp-content\/uploads\/2024\/08\/OG-Cover.jpg?fit=1920%2C1080&ssl=1","url":"https:\/\/i0.wp.com\/benbrenot.com\/wp-content\/uploads\/2024\/08\/OG-Cover.jpg?fit=1920%2C1080&ssl=1","contentUrl":"https:\/\/i0.wp.com\/benbrenot.com\/wp-content\/uploads\/2024\/08\/OG-Cover.jpg?fit=1920%2C1080&ssl=1","width":1920,"height":1080,"caption":"Ben"},"logo":{"@id":"https:\/\/i0.wp.com\/benbrenot.com\/wp-content\/uploads\/2024\/08\/OG-Cover.jpg?fit=1920%2C1080&ssl=1"},"sameAs":["https:\/\/benbrenot.com","https:\/\/www.instagram.com\/benbrenot\/","https:\/\/www.linkedin.com\/in\/benjaminbrenot\/"]}]}},"_links":{"self":[{"href":"https:\/\/benbrenot.com\/en\/wp-json\/wp\/v2\/pages\/5394","targetHints":{"allow":["GET"]}}],"collection":[{"href":"https:\/\/benbrenot.com\/en\/wp-json\/wp\/v2\/pages"}],"about":[{"href":"https:\/\/benbrenot.com\/en\/wp-json\/wp\/v2\/types\/page"}],"author":[{"embeddable":true,"href":"https:\/\/benbrenot.com\/en\/wp-json\/wp\/v2\/users\/1"}],"replies":[{"embeddable":true,"href":"https:\/\/benbrenot.com\/en\/wp-json\/wp\/v2\/comments?post=5394"}],"version-history":[{"count":3,"href":"https:\/\/benbrenot.com\/en\/wp-json\/wp\/v2\/pages\/5394\/revisions"}],"predecessor-version":[{"id":6277,"href":"https:\/\/benbrenot.com\/en\/wp-json\/wp\/v2\/pages\/5394\/revisions\/6277"}],"wp:featuredmedia":[{"embeddable":true,"href":"https:\/\/benbrenot.com\/en\/wp-json\/wp\/v2\/media\/5726"}],"wp:attachment":[{"href":"https:\/\/benbrenot.com\/en\/wp-json\/wp\/v2\/media?parent=5394"}],"curies":[{"name":"wp","href":"https:\/\/api.w.org\/{rel}","templated":true}]}}